{"id":68,"date":"2023-11-08T17:23:18","date_gmt":"2023-11-08T17:23:18","guid":{"rendered":"https:\/\/hopnerimaja.eu\/?page_id=68"},"modified":"2025-09-08T14:13:31","modified_gmt":"2025-09-08T11:13:31","slug":"katariina-kirik","status":"publish","type":"page","link":"https:\/\/hopnerimaja.eu\/en\/katariina-kirik\/","title":{"rendered":"St. Catherine's Church"},"content":{"rendered":"<div class='breakdance'><div class=\"bde-globalblock-68-100 bde-globalblock\">\n<div class='breakdance'><section class=\"bde-section-503-100 bde-section\">\n              \n  \n\t\n\n  <div class=\"section-background-overlay\"><\/div>\n\n\n<div class=\"section-container\"><h1 class=\"bde-heading-503-101 bde-heading\">\nSt. Catherine's Church\n<\/h1><\/div>\n<\/section><\/div>\n<\/div><section class=\"bde-section-68-101 bde-section\">\n  \n\t\n\n\n\n<div class=\"section-container\"><div class=\"bde-text-68-104 bde-text\">\nNB! Katariina kirik on hetkel remondi t\u00f5ttu suletud. Esimene, k\u00f5ige optimistlikum aeg remondi valmimiseks on suvi 2026.\n<\/div><div class=\"bde-rich-text-68-102 bde-rich-text breakdance-rich-text-styles\">\n<p>Keskajal P\u00f5hja-Euroopa ja \u00fchtlasi <strong>praeguse<\/strong> <strong>Tallinna suurim kirik \u2013 P\u00fcha Katariina kirik<\/strong> \u2013 on oma suurep\u00e4rase aura ja akustikaga kujunenud armastatud kontserdi-, teatrietenduste ja n\u00e4itusepaigaks. Asukohaga otse linnas\u00fcdames, <a href=\"https:\/\/www.google.com\/maps\/place\/Vene+14a,+Kesklinna+linnaosa,+Kesklinna,+10123+Harju+maakond\/@59.4377245,24.7459223,17z\/data=!3m1!4b1!4m6!3m5!1s0x4692936186579459:0x4895b9c608c88031!8m2!3d59.4377245!4d24.7484972!16s%2Fg%2F11g8bhptcr?entry=ttu\" target=\"_blank\" rel=\"noopener noreferrer nofollow\">Vene tn 14a<\/a>\/Katariina k\u00e4ik, j\u00e4\u00e4b ta vaid ca 200 m kaugusele <a href=\"https:\/\/www.puhkaeestis.ee\/et\/tallinna-raekoja-plats\" target=\"_blank\" rel=\"noopener noreferrer nofollow\">Raekoja platsist<\/a>.<\/p><p>T\u00e4naseks on hiiglaslikust uhkest kirikuhoonest, mis rajati 13.-14. sajandil ja sai tegutseda Dominiiklaste kloostri kirikuna ligi 300 aastat, j\u00e4rele j\u00e4\u00e4nud vaid osa. Katariina kirik h\u00e4vis peale reformatsiooni arvatavalt 1531.\/32. aastal toimunud suures tulekahjus. Seniajani on s\u00e4ilinud suurep\u00e4rased portaalid, osa m\u00fc\u00fcre ja p\u00f5randaalune matmispaik.<\/p><p>N\u00fc\u00fcd saalina kasutatava ruumiosa moodustavad 19. sajandil kaupmees Kochile linna rae poolt rendile antud kiriku varemed, millesse rajati viljaait ja laohoone. Lisaks on Katariina kiriku varemeid kasutatud v\u00e4ga erineval moel nii autoremondit\u00f6\u00f6kojana, laohoonena, kinot\u00f6\u00f6stuse jms jaoks \u2013 k\u00f5igeks, mis n\u00f5udis avarat ja k\u00f5rget ruumi. Viimased aastak\u00fcmned on toonud kirikusse tagasi haridus- ja kultuurielu.<\/p><p>Alates juunist 2014 on Katariina kirik Hopneri Maja hoole all.<\/p>\n<\/div><div class=\"bde-gallery-68-103 bde-gallery\">\n\n\n  \n\n\n\n\n\n\n\n\n\n\n<div class=\"ee-gallery ee-gallery--default ee-gallery--grid ee-gallery-- ee-gallery--lightbox ee-gallery-- ee-gallery--caption- ee-gallery--caption-none ee-gallery--ratio\">\n                  \n      <a class=\"ee-gallery-item ee-gallery-item--image ee-gallery-item--single\" href=\"https:\/\/hopnerimaja.eu\/wp-content\/uploads\/2024\/01\/katariina01.jpg\"  data-sub-html=\"\" data-category=\"1\"                  data-lg-size=\"236-354\"\n\n      >\n        <figure class=\"ee-gallery-item-figure\">\n                                    \n  \n  \n  \n  \n      \n      <img loading=\"lazy\" decoding=\"async\"\n      class=\"breakdance-image-object\"\n      src=\"https:\/\/hopnerimaja.eu\/wp-content\/uploads\/2024\/01\/katariina01.jpg\"\n      width=\"236\"\n      height=\"354\"\n      \n      \n                                    srcset=\"https:\/\/hopnerimaja.eu\/wp-content\/uploads\/2024\/01\/katariina01.jpg 236w, https:\/\/hopnerimaja.eu\/wp-content\/uploads\/2024\/01\/katariina01-200x300.jpg 200w\"\n                                                                      >\n  \n  \n          \n                  <\/figure>\n      <\/a>\n\n                \n      <a class=\"ee-gallery-item ee-gallery-item--image ee-gallery-item--single\" href=\"https:\/\/hopnerimaja.eu\/wp-content\/uploads\/2024\/01\/katariina03-scaled.jpeg\"  data-sub-html=\"\" data-category=\"1\"                  data-lg-size=\"1920-2560\"\n\n      >\n        <figure class=\"ee-gallery-item-figure\">\n                                    \n  \n  \n  \n  \n      \n      <img loading=\"lazy\" decoding=\"async\"\n      class=\"breakdance-image-object\"\n      src=\"https:\/\/hopnerimaja.eu\/wp-content\/uploads\/2024\/01\/katariina03-768x1024.jpeg\"\n      width=\"768\"\n      height=\"1024\"\n      \n      \n                                    srcset=\"https:\/\/hopnerimaja.eu\/wp-content\/uploads\/2024\/01\/katariina03-scaled.jpeg 1920w, https:\/\/hopnerimaja.eu\/wp-content\/uploads\/2024\/01\/katariina03-225x300.jpeg 225w, https:\/\/hopnerimaja.eu\/wp-content\/uploads\/2024\/01\/katariina03-768x1024.jpeg 768w, https:\/\/hopnerimaja.eu\/wp-content\/uploads\/2024\/01\/katariina03-1152x1536.jpeg 1152w, https:\/\/hopnerimaja.eu\/wp-content\/uploads\/2024\/01\/katariina03-1536x2048.jpeg 1536w\"\n                                                                      >\n  \n  \n          \n                  <\/figure>\n      <\/a>\n\n                \n      <a class=\"ee-gallery-item ee-gallery-item--image ee-gallery-item--single\" href=\"https:\/\/hopnerimaja.eu\/wp-content\/uploads\/2024\/01\/katariina04.jpg\"  data-sub-html=\"\" data-category=\"1\"                  data-lg-size=\"960-640\"\n\n      >\n        <figure class=\"ee-gallery-item-figure\">\n                                    \n  \n  \n  \n  \n      \n      <img loading=\"lazy\" decoding=\"async\"\n      class=\"breakdance-image-object\"\n      src=\"https:\/\/hopnerimaja.eu\/wp-content\/uploads\/2024\/01\/katariina04.jpg\"\n      width=\"960\"\n      height=\"640\"\n      \n      \n                                    srcset=\"https:\/\/hopnerimaja.eu\/wp-content\/uploads\/2024\/01\/katariina04.jpg 960w, https:\/\/hopnerimaja.eu\/wp-content\/uploads\/2024\/01\/katariina04-300x200.jpg 300w, https:\/\/hopnerimaja.eu\/wp-content\/uploads\/2024\/01\/katariina04-768x512.jpg 768w\"\n                                                                      >\n  \n  \n          \n                  <\/figure>\n      <\/a>\n\n                \n      <a class=\"ee-gallery-item ee-gallery-item--image ee-gallery-item--single\" href=\"https:\/\/hopnerimaja.eu\/wp-content\/uploads\/2024\/01\/katariina05.jpg\"  data-sub-html=\"\" data-category=\"1\"                  data-lg-size=\"640-426\"\n\n      >\n        <figure class=\"ee-gallery-item-figure\">\n                                    \n  \n  \n  \n  \n      \n      <img loading=\"lazy\" decoding=\"async\"\n      class=\"breakdance-image-object\"\n      src=\"https:\/\/hopnerimaja.eu\/wp-content\/uploads\/2024\/01\/katariina05.jpg\"\n      width=\"640\"\n      height=\"426\"\n      \n      \n                                    srcset=\"https:\/\/hopnerimaja.eu\/wp-content\/uploads\/2024\/01\/katariina05.jpg 640w, https:\/\/hopnerimaja.eu\/wp-content\/uploads\/2024\/01\/katariina05-300x200.jpg 300w\"\n                                                                      >\n  \n  \n          \n                  <\/figure>\n      <\/a>\n\n                \n      <a class=\"ee-gallery-item ee-gallery-item--image ee-gallery-item--single\" href=\"https:\/\/hopnerimaja.eu\/wp-content\/uploads\/2024\/01\/katariina07.jpg\"  data-sub-html=\"\" data-category=\"1\"                  data-lg-size=\"1000-662\"\n\n      >\n        <figure class=\"ee-gallery-item-figure\">\n                                    \n  \n  \n  \n  \n      \n      <img loading=\"lazy\" decoding=\"async\"\n      class=\"breakdance-image-object\"\n      src=\"https:\/\/hopnerimaja.eu\/wp-content\/uploads\/2024\/01\/katariina07.jpg\"\n      width=\"1000\"\n      height=\"662\"\n      \n      \n                                    srcset=\"https:\/\/hopnerimaja.eu\/wp-content\/uploads\/2024\/01\/katariina07.jpg 1000w, https:\/\/hopnerimaja.eu\/wp-content\/uploads\/2024\/01\/katariina07-300x199.jpg 300w, https:\/\/hopnerimaja.eu\/wp-content\/uploads\/2024\/01\/katariina07-768x508.jpg 768w\"\n                                                                      >\n  \n  \n          \n                  <\/figure>\n      <\/a>\n\n                \n      <a class=\"ee-gallery-item ee-gallery-item--image ee-gallery-item--single\" href=\"https:\/\/hopnerimaja.eu\/wp-content\/uploads\/2024\/01\/katariina08.jpg\"  data-sub-html=\"\" data-category=\"1\"                  data-lg-size=\"1000-665\"\n\n      >\n        <figure class=\"ee-gallery-item-figure\">\n                                    \n  \n  \n  \n  \n      \n      <img loading=\"lazy\" decoding=\"async\"\n      class=\"breakdance-image-object\"\n      src=\"https:\/\/hopnerimaja.eu\/wp-content\/uploads\/2024\/01\/katariina08.jpg\"\n      width=\"1000\"\n      height=\"665\"\n      \n      \n                                    srcset=\"https:\/\/hopnerimaja.eu\/wp-content\/uploads\/2024\/01\/katariina08.jpg 1000w, https:\/\/hopnerimaja.eu\/wp-content\/uploads\/2024\/01\/katariina08-300x200.jpg 300w, https:\/\/hopnerimaja.eu\/wp-content\/uploads\/2024\/01\/katariina08-768x511.jpg 768w\"\n                                                                      >\n  \n  \n          \n                  <\/figure>\n      <\/a>\n\n                \n      <a class=\"ee-gallery-item ee-gallery-item--image ee-gallery-item--single\" href=\"https:\/\/hopnerimaja.eu\/wp-content\/uploads\/2024\/01\/katariina09.jpg\"  data-sub-html=\"\" data-category=\"1\"                  data-lg-size=\"1000-662\"\n\n      >\n        <figure class=\"ee-gallery-item-figure\">\n                                    \n  \n  \n  \n  \n      \n      <img loading=\"lazy\" decoding=\"async\"\n      class=\"breakdance-image-object\"\n      src=\"https:\/\/hopnerimaja.eu\/wp-content\/uploads\/2024\/01\/katariina09.jpg\"\n      width=\"1000\"\n      height=\"662\"\n      \n      \n                                    srcset=\"https:\/\/hopnerimaja.eu\/wp-content\/uploads\/2024\/01\/katariina09.jpg 1000w, https:\/\/hopnerimaja.eu\/wp-content\/uploads\/2024\/01\/katariina09-300x199.jpg 300w, https:\/\/hopnerimaja.eu\/wp-content\/uploads\/2024\/01\/katariina09-768x508.jpg 768w\"\n                                                                      >\n  \n  \n          \n                  <\/figure>\n      <\/a>\n\n                \n      <a class=\"ee-gallery-item ee-gallery-item--image ee-gallery-item--single\" href=\"https:\/\/hopnerimaja.eu\/wp-content\/uploads\/2024\/01\/katariina10.jpg\"  data-sub-html=\"\" data-category=\"1\"                  data-lg-size=\"750-500\"\n\n      >\n        <figure class=\"ee-gallery-item-figure\">\n                                    \n  \n  \n  \n  \n      \n      <img loading=\"lazy\" decoding=\"async\"\n      class=\"breakdance-image-object\"\n      src=\"https:\/\/hopnerimaja.eu\/wp-content\/uploads\/2024\/01\/katariina10.jpg\"\n      width=\"750\"\n      height=\"500\"\n      \n      \n                                    srcset=\"https:\/\/hopnerimaja.eu\/wp-content\/uploads\/2024\/01\/katariina10.jpg 750w, https:\/\/hopnerimaja.eu\/wp-content\/uploads\/2024\/01\/katariina10-300x200.jpg 300w\"\n                                                                      >\n  \n  \n          \n                  <\/figure>\n      <\/a>\n\n                \n      <a class=\"ee-gallery-item ee-gallery-item--image ee-gallery-item--single\" href=\"https:\/\/hopnerimaja.eu\/wp-content\/uploads\/2024\/01\/katariina12.jpg\"  data-sub-html=\"\" data-category=\"1\"                  data-lg-size=\"1000-688\"\n\n      >\n        <figure class=\"ee-gallery-item-figure\">\n                                    \n  \n  \n  \n  \n      \n      <img loading=\"lazy\" decoding=\"async\"\n      class=\"breakdance-image-object\"\n      src=\"https:\/\/hopnerimaja.eu\/wp-content\/uploads\/2024\/01\/katariina12.jpg\"\n      width=\"1000\"\n      height=\"688\"\n      \n      \n                                    srcset=\"https:\/\/hopnerimaja.eu\/wp-content\/uploads\/2024\/01\/katariina12.jpg 1000w, https:\/\/hopnerimaja.eu\/wp-content\/uploads\/2024\/01\/katariina12-300x206.jpg 300w, https:\/\/hopnerimaja.eu\/wp-content\/uploads\/2024\/01\/katariina12-768x528.jpg 768w\"\n                                                                      >\n  \n  \n          \n                  <\/figure>\n      <\/a>\n\n                \n      <a class=\"ee-gallery-item ee-gallery-item--image ee-gallery-item--single\" href=\"https:\/\/hopnerimaja.eu\/wp-content\/uploads\/2024\/01\/katariina13.jpg\"  data-sub-html=\"\" data-category=\"1\"                  data-lg-size=\"618-1000\"\n\n      >\n        <figure class=\"ee-gallery-item-figure\">\n                                    \n  \n  \n  \n  \n      \n      <img loading=\"lazy\" decoding=\"async\"\n      class=\"breakdance-image-object\"\n      src=\"https:\/\/hopnerimaja.eu\/wp-content\/uploads\/2024\/01\/katariina13.jpg\"\n      width=\"618\"\n      height=\"1000\"\n      \n      \n                                    srcset=\"https:\/\/hopnerimaja.eu\/wp-content\/uploads\/2024\/01\/katariina13.jpg 618w, https:\/\/hopnerimaja.eu\/wp-content\/uploads\/2024\/01\/katariina13-185x300.jpg 185w\"\n                                                                      >\n  \n  \n          \n                  <\/figure>\n      <\/a>\n\n                \n      <a class=\"ee-gallery-item ee-gallery-item--image ee-gallery-item--single\" href=\"https:\/\/hopnerimaja.eu\/wp-content\/uploads\/2024\/01\/katariina14-scaled.jpg\"  data-sub-html=\"\" data-category=\"1\"                  data-lg-size=\"1707-2560\"\n\n      >\n        <figure class=\"ee-gallery-item-figure\">\n                                    \n  \n  \n  \n  \n      \n      <img loading=\"lazy\" decoding=\"async\"\n      class=\"breakdance-image-object\"\n      src=\"https:\/\/hopnerimaja.eu\/wp-content\/uploads\/2024\/01\/katariina14-683x1024.jpg\"\n      width=\"683\"\n      height=\"1024\"\n      \n      \n                                    srcset=\"https:\/\/hopnerimaja.eu\/wp-content\/uploads\/2024\/01\/katariina14-scaled.jpg 1707w, https:\/\/hopnerimaja.eu\/wp-content\/uploads\/2024\/01\/katariina14-200x300.jpg 200w, https:\/\/hopnerimaja.eu\/wp-content\/uploads\/2024\/01\/katariina14-683x1024.jpg 683w, https:\/\/hopnerimaja.eu\/wp-content\/uploads\/2024\/01\/katariina14-768x1152.jpg 768w, https:\/\/hopnerimaja.eu\/wp-content\/uploads\/2024\/01\/katariina14-1024x1536.jpg 1024w, https:\/\/hopnerimaja.eu\/wp-content\/uploads\/2024\/01\/katariina14-1365x2048.jpg 1365w\"\n                                                                      >\n  \n  \n          \n                  <\/figure>\n      <\/a>\n\n                \n      <a class=\"ee-gallery-item ee-gallery-item--image ee-gallery-item--single\" href=\"https:\/\/hopnerimaja.eu\/wp-content\/uploads\/2024\/01\/katariina15-scaled.jpeg\"  data-sub-html=\"\" data-category=\"1\"                  data-lg-size=\"1920-2560\"\n\n      >\n        <figure class=\"ee-gallery-item-figure\">\n                                    \n  \n  \n  \n  \n      \n      <img loading=\"lazy\" decoding=\"async\"\n      class=\"breakdance-image-object\"\n      src=\"https:\/\/hopnerimaja.eu\/wp-content\/uploads\/2024\/01\/katariina15-768x1024.jpeg\"\n      width=\"768\"\n      height=\"1024\"\n      \n      \n                                    srcset=\"https:\/\/hopnerimaja.eu\/wp-content\/uploads\/2024\/01\/katariina15-scaled.jpeg 1920w, https:\/\/hopnerimaja.eu\/wp-content\/uploads\/2024\/01\/katariina15-225x300.jpeg 225w, https:\/\/hopnerimaja.eu\/wp-content\/uploads\/2024\/01\/katariina15-768x1024.jpeg 768w, https:\/\/hopnerimaja.eu\/wp-content\/uploads\/2024\/01\/katariina15-1152x1536.jpeg 1152w, https:\/\/hopnerimaja.eu\/wp-content\/uploads\/2024\/01\/katariina15-1536x2048.jpeg 1536w\"\n                                                                      >\n  \n  \n          \n                  <\/figure>\n      <\/a>\n\n        \n  <\/div>\n\n\n\n<\/div><\/div>\n<\/section><\/div>","protected":false},"excerpt":{"rendered":"<p>Katariina kirik NB! Katariina kirik on hetkel remondi t\u00f5ttu suletud. Esimene, k\u00f5ige optimistlikum aeg remondi valmimiseks on suvi 2026. Keskajal P\u00f5hja-Euroopa ja \u00fchtlasi praeguse Tallinna suurim kirik \u2013 P\u00fcha Katariina [&hellip;]<\/p>","protected":false},"author":2,"featured_media":0,"parent":0,"menu_order":0,"comment_status":"closed","ping_status":"closed","template":"","meta":{"_acf_changed":false,"footnotes":"","_breakdance_hide_in_design_set":false,"_breakdance_tags":""},"acf":[],"_links":{"self":[{"href":"https:\/\/hopnerimaja.eu\/en\/wp-json\/wp\/v2\/pages\/68"}],"collection":[{"href":"https:\/\/hopnerimaja.eu\/en\/wp-json\/wp\/v2\/pages"}],"about":[{"href":"https:\/\/hopnerimaja.eu\/en\/wp-json\/wp\/v2\/types\/page"}],"author":[{"embeddable":true,"href":"https:\/\/hopnerimaja.eu\/en\/wp-json\/wp\/v2\/users\/2"}],"replies":[{"embeddable":true,"href":"https:\/\/hopnerimaja.eu\/en\/wp-json\/wp\/v2\/comments?post=68"}],"version-history":[{"count":11,"href":"https:\/\/hopnerimaja.eu\/en\/wp-json\/wp\/v2\/pages\/68\/revisions"}],"predecessor-version":[{"id":3233,"href":"https:\/\/hopnerimaja.eu\/en\/wp-json\/wp\/v2\/pages\/68\/revisions\/3233"}],"wp:attachment":[{"href":"https:\/\/hopnerimaja.eu\/en\/wp-json\/wp\/v2\/media?parent=68"}],"curies":[{"name":"wp","href":"https:\/\/api.w.org\/{rel}","templated":true}]}}