{"id":64,"date":"2023-11-08T17:21:58","date_gmt":"2023-11-08T17:21:58","guid":{"rendered":"https:\/\/hopnerimaja.eu\/?page_id=64"},"modified":"2025-04-02T16:26:16","modified_gmt":"2025-04-02T13:26:16","slug":"keskaja-klubi","status":"publish","type":"page","link":"https:\/\/hopnerimaja.eu\/en\/keskaja-klubi\/","title":{"rendered":"Medieval Club"},"content":{"rendered":"<div class='breakdance'><div class=\"bde-globalblock-64-100 bde-globalblock\">\n<div class='breakdance'><section class=\"bde-section-503-100 bde-section\">\n              \n  \n\t\n\n  <div class=\"section-background-overlay\"><\/div>\n\n\n<div class=\"section-container\"><h1 class=\"bde-heading-503-101 bde-heading\">\nMedieval Club\n<\/h1><\/div>\n<\/section><\/div>\n<\/div><section class=\"bde-section-64-101 bde-section\">\n  \n\t\n\n\n\n<div class=\"section-container\"><div class=\"bde-columns-64-104 bde-columns\"><div class=\"bde-column-64-106 bde-column\">\n  \n\t\n\n\n\n<div class=\"bde-rich-text-64-107 bde-rich-text breakdance-rich-text-styles\">\n<div><strong>Anne Velt, the organiser of the Medieval Club, welcomes all medieval enthusiasts to gather, take part in shared activities, learn new things, and enjoy quality time together! The lectures are mostly in estonian language.<\/strong><\/div><div><p>Questions and information about the Medieval Club\u00a0<a href=\"mailto:anne@folkart.ee\">anne@folkart.ee<\/a><\/p><\/div><div><p><strong>The Middle Ages in Estonia are fascinating, inspiring, and captivating!<\/strong><\/p><\/div><div>Club gatherings require a small fee, which varies based on the activity and the number of participants.<\/div>\n<\/div>\n<\/div><\/div><\/div>\n<\/section><\/div>","protected":false},"excerpt":{"rendered":"<p>Keskaja klubi Keskaja klubi eestvedaja Anne Velt kutsub k\u00f5iki keskaja huvilisi kokku saama, \u00fchistel ettev\u00f5tmistel osalema, teadmisi saama ja koos m\u00f5nusalt aega veetma!Keskaja klubi k\u00fcsimused ja info:\u00a0anne@folkart.eeKeskaeg Eestis on p\u00f5nev, [&hellip;]<\/p>","protected":false},"author":2,"featured_media":0,"parent":0,"menu_order":0,"comment_status":"closed","ping_status":"closed","template":"","meta":{"_acf_changed":false,"footnotes":"","_breakdance_hide_in_design_set":false,"_breakdance_tags":""},"acf":[],"_links":{"self":[{"href":"https:\/\/hopnerimaja.eu\/en\/wp-json\/wp\/v2\/pages\/64"}],"collection":[{"href":"https:\/\/hopnerimaja.eu\/en\/wp-json\/wp\/v2\/pages"}],"about":[{"href":"https:\/\/hopnerimaja.eu\/en\/wp-json\/wp\/v2\/types\/page"}],"author":[{"embeddable":true,"href":"https:\/\/hopnerimaja.eu\/en\/wp-json\/wp\/v2\/users\/2"}],"replies":[{"embeddable":true,"href":"https:\/\/hopnerimaja.eu\/en\/wp-json\/wp\/v2\/comments?post=64"}],"version-history":[{"count":12,"href":"https:\/\/hopnerimaja.eu\/en\/wp-json\/wp\/v2\/pages\/64\/revisions"}],"predecessor-version":[{"id":2906,"href":"https:\/\/hopnerimaja.eu\/en\/wp-json\/wp\/v2\/pages\/64\/revisions\/2906"}],"wp:attachment":[{"href":"https:\/\/hopnerimaja.eu\/en\/wp-json\/wp\/v2\/media?parent=64"}],"curies":[{"name":"wp","href":"https:\/\/api.w.org\/{rel}","templated":true}]}}