{"id":62,"date":"2023-11-08T17:21:29","date_gmt":"2023-11-08T17:21:29","guid":{"rendered":"https:\/\/hopnerimaja.eu\/?page_id=62"},"modified":"2025-12-02T15:14:58","modified_gmt":"2025-12-02T13:14:58","slug":"keskaegne-elamusprogramm","status":"publish","type":"page","link":"https:\/\/hopnerimaja.eu\/en\/keskaegne-elamusprogramm\/","title":{"rendered":"Keskaegne elamusprogramm"},"content":{"rendered":"<div class='breakdance'><div class=\"bde-globalblock-62-100 bde-globalblock\">\n<div class='breakdance'><section class=\"bde-section-503-100 bde-section\">\n              \n  \n\t\n\n  <div class=\"section-background-overlay\"><\/div>\n\n\n<div class=\"section-container\"><h1 class=\"bde-heading-503-101 bde-heading\">\nKeskaegne elamusprogramm\n<\/h1><\/div>\n<\/section><\/div>\n<\/div><section class=\"bde-section-62-101 bde-section\">\n  \n\t\n\n\n\n<div class=\"section-container\"><div class=\"bde-columns-62-121 bde-columns\"><div class=\"bde-column-62-122 bde-column\">\n  \n\t\n\n\n\n<h1 class=\"bde-heading-62-125 bde-heading\">\nRingk\u00e4ik vanas kaupmehemajas koos majaemandaga\n<\/h1><div class=\"bde-rich-text-62-124 bde-rich-text breakdance-rich-text-styles\">\n<p>Pakume v\u00f5imalust tellida vanas kaupmehemajas ringk\u00e4ik koos majaemanda\/-isandaga eesti v\u00f5i vene keeles. Palume broneerida v\u00e4hemalt n\u00e4dal ette.<\/p><p>Hind 60\u20ac<\/p><p>Info ja broneeringud: <a href=\"mailto:katrin.tuuksam@hopnerimaja.eu\">katrin.tuuksam@hopnerimaja.eu<\/a> v\u00f5i telefonil <a href=\"tel:  372 6 410 022\">+372 6 410 022<\/a><br \/><br \/><br \/><br \/><\/p>\n<\/div>\n<\/div><div class=\"bde-column-62-123 bde-column\">\n  \n\t\n\n\n\n<div class=\"bde-image-62-127 bde-image\">\n  \n\n\n\n\n\n<figure class=\"breakdance-image breakdance-image--919\">\n\t<div class=\"breakdance-image-container\">\n\t\t<div class=\"breakdance-image-clip\">\n\t\t\t\n\t\t\t\t\n\t\t\t\t\t      \n  \n  \n  \n  \n      \n      <img loading=\"lazy\" decoding=\"async\"\n      class=\"breakdance-image-object\"\n      src=\"https:\/\/hopnerimaja.eu\/wp-content\/uploads\/2024\/01\/keskaegne_elamusprogramm1-1.jpg\"\n      width=\"399\"\n      height=\"267\"\n      \n      \n                                    srcset=\"https:\/\/hopnerimaja.eu\/wp-content\/uploads\/2024\/01\/keskaegne_elamusprogramm1-1.jpg 399w, https:\/\/hopnerimaja.eu\/wp-content\/uploads\/2024\/01\/keskaegne_elamusprogramm1-1-300x201.jpg 300w\"\n                                                                      >\n  \n\n\t\t\t\t\t\n\t\t\t\t\t\t<\/div>\n\t<\/div>\n\n\t<\/figure>\n\n<\/div>\n<\/div><\/div><div class=\"bde-columns-62-102 bde-columns\"><div class=\"bde-column-62-103 bde-column\">\n  \n\t\n\n\n\n<div class=\"bde-image-62-106 bde-image\">\n  \n\n\n\n\n\n<figure class=\"breakdance-image breakdance-image--916\">\n\t<div class=\"breakdance-image-container\">\n\t\t<div class=\"breakdance-image-clip\">\n\t\t\t\n\t\t\t\t\n\t\t\t\t\t      \n  \n  \n  \n  \n      \n      <img loading=\"lazy\" decoding=\"async\"\n      class=\"breakdance-image-object\"\n      src=\"https:\/\/hopnerimaja.eu\/wp-content\/uploads\/2024\/01\/keskaegne_elamusprogramm1.jpg\"\n      width=\"1067\"\n      height=\"1600\"\n      \n      \n                                    srcset=\"https:\/\/hopnerimaja.eu\/wp-content\/uploads\/2024\/01\/keskaegne_elamusprogramm1.jpg 1067w, https:\/\/hopnerimaja.eu\/wp-content\/uploads\/2024\/01\/keskaegne_elamusprogramm1-200x300.jpg 200w, https:\/\/hopnerimaja.eu\/wp-content\/uploads\/2024\/01\/keskaegne_elamusprogramm1-683x1024.jpg 683w, https:\/\/hopnerimaja.eu\/wp-content\/uploads\/2024\/01\/keskaegne_elamusprogramm1-768x1152.jpg 768w, https:\/\/hopnerimaja.eu\/wp-content\/uploads\/2024\/01\/keskaegne_elamusprogramm1-1024x1536.jpg 1024w\"\n                                                                      >\n  \n\n\t\t\t\t\t\n\t\t\t\t\t\t<\/div>\n\t<\/div>\n\n\t<\/figure>\n\n<\/div>\n<\/div><div class=\"bde-column-62-104 bde-column\">\n  \n\t\n\n\n\n<h1 class=\"bde-heading-62-118 bde-heading\">\nKeskaegne elamusprogramm\n<\/h1><div class=\"bde-rich-text-62-105 bde-rich-text breakdance-rich-text-styles\">\n<p><strong>Elamusprogramm ainult gruppidele ettetellimisel v\u00e4hemalt 2 n\u00e4dalat.\u00a0\u00a0<\/strong><\/p><p>Vana kaupmehemaja\u00a0teeb oma k\u00e4gisevad uksed Vanaturu kaela poolt valla ja laseme uudishimulikud k\u00fclalised ruumidesse, et nad ajar\u00e4nnule viia.<\/p><p>Majaemandad pajatavad lugusid endisaegsetest kommetest keskajal, saame teada, mis tegemisi tehti dieles (elutoas) ning d\u00f6rnses (peretoas), mis peitus isand Hopneri keldrites ning mida hoiti salves ning rohukappides. <br \/>Saab avastada seda, mis muidu peidus, arutada keskaegse eluolu \u00fcle, nuusutada, maitsta, meisterdada, pisut ka ennustada.\u00a0<\/p><p>Ajalooliselt olid keskaja suuremad <strong>pidustused<\/strong> ehk <strong>joodud<\/strong> j\u00f5ulude ning vastlate aegu. Detsembris keskendub elamusprogramm j\u00f5ulukommetele ning m\u00e4rtsikuus vastlakommetele vanas Tallinnas.\u00a0<\/p><p>Iga sisseastuja, kes saab t\u00f5endada, et \u00fchtki haigust majja ei kanna, puhastatakse keskaegsel moel viimsestki t\u00f5vepisikust.<\/p><p>\u00a0<\/p><p>Elamusprogrammi saab tellida nii t\u00e4iskasvanutele kui koolilastele.<\/p><p><strong>Kestvus<\/strong>: 1 tund 30\u00a0min.\u00a0 <strong>Osalejate arv<\/strong>: \u00a0min 10 ja max 25<br \/><br \/>Hinnas sisaldub kost\u00fc\u00fcm, suupiste, keelekaste ning ohtralt osalemisr\u00f5\u00f5mu.<\/p><p><strong>Grupihind alates 350\u20ac<\/strong> (10 inimest). K\u00fcsi pakkumist: <a href=\"mailto:katrin.tuuksam@tallinnlv.ee\">katrin.tuuksam@tallinnlv.ee<\/a><\/p>\n<\/div>\n<\/div><\/div><\/div>\n<\/section><section class=\"bde-section-62-110 bde-section\">\n  \n\t\n\n\n\n<div class=\"section-container\"><\/div>\n<\/section><\/div>","protected":false},"excerpt":{"rendered":"<p>Keskaegne elamusprogramm Ringk\u00e4ik vanas kaupmehemajas koos majaemandaga Pakume v\u00f5imalust tellida vanas kaupmehemajas ringk\u00e4ik koos majaemanda\/-isandaga eesti v\u00f5i vene keeles. Palume broneerida v\u00e4hemalt n\u00e4dal ette.Hind 60\u20acInfo ja broneeringud: katrin.tuuksam@hopnerimaja.eu v\u00f5i telefonil [&hellip;]<\/p>","protected":false},"author":2,"featured_media":0,"parent":0,"menu_order":0,"comment_status":"closed","ping_status":"closed","template":"","meta":{"_acf_changed":false,"footnotes":"","_breakdance_hide_in_design_set":false,"_breakdance_tags":""},"acf":[],"_links":{"self":[{"href":"https:\/\/hopnerimaja.eu\/en\/wp-json\/wp\/v2\/pages\/62"}],"collection":[{"href":"https:\/\/hopnerimaja.eu\/en\/wp-json\/wp\/v2\/pages"}],"about":[{"href":"https:\/\/hopnerimaja.eu\/en\/wp-json\/wp\/v2\/types\/page"}],"author":[{"embeddable":true,"href":"https:\/\/hopnerimaja.eu\/en\/wp-json\/wp\/v2\/users\/2"}],"replies":[{"embeddable":true,"href":"https:\/\/hopnerimaja.eu\/en\/wp-json\/wp\/v2\/comments?post=62"}],"version-history":[{"count":10,"href":"https:\/\/hopnerimaja.eu\/en\/wp-json\/wp\/v2\/pages\/62\/revisions"}],"predecessor-version":[{"id":3515,"href":"https:\/\/hopnerimaja.eu\/en\/wp-json\/wp\/v2\/pages\/62\/revisions\/3515"}],"wp:attachment":[{"href":"https:\/\/hopnerimaja.eu\/en\/wp-json\/wp\/v2\/media?parent=62"}],"curies":[{"name":"wp","href":"https:\/\/api.w.org\/{rel}","templated":true}]}}