{"id":59,"date":"2023-11-08T17:16:59","date_gmt":"2023-11-08T17:16:59","guid":{"rendered":"https:\/\/hopnerimaja.eu\/?page_id=59"},"modified":"2024-03-04T18:29:35","modified_gmt":"2024-03-04T16:29:35","slug":"keskaeg","status":"publish","type":"page","link":"https:\/\/hopnerimaja.eu\/en\/keskaeg\/","title":{"rendered":"The Middle Ages"},"content":{"rendered":"<div class='breakdance'><div class=\"bde-globalblock-59-100 bde-globalblock\">\n<div class='breakdance'><section class=\"bde-section-503-100 bde-section\">\n              \n  \n\t\n\n  <div class=\"section-background-overlay\"><\/div>\n\n\n<div class=\"section-container\"><h1 class=\"bde-heading-503-101 bde-heading\">\nThe Middle Ages\n<\/h1><\/div>\n<\/section><\/div>\n<\/div><section class=\"bde-section-59-101 bde-section\">\n  \n\t\n\n\n\n<div class=\"section-container\"><div class=\"bde-columns-59-103 bde-columns\"><div class=\"bde-column-59-104 bde-column\">\n  \n\t\n\n\n\n<div class=\"bde-image-59-107 bde-image\">\n  \n\n\n\n\n\n<figure class=\"breakdance-image breakdance-image--905\">\n\t<div class=\"breakdance-image-container\">\n\t\t<div class=\"breakdance-image-clip\">\n\t\t\t\n\t\t\t\t\n\t\t\t\t\t      \n  \n  \n  \n  \n      \n      <img loading=\"lazy\" decoding=\"async\"\n      class=\"breakdance-image-object\"\n      src=\"https:\/\/hopnerimaja.eu\/wp-content\/uploads\/2024\/01\/seenioride_ulikool2-1.jpeg\"\n      width=\"300\"\n      height=\"544\"\n      \n      \n                                    srcset=\"https:\/\/hopnerimaja.eu\/wp-content\/uploads\/2024\/01\/seenioride_ulikool2-1.jpeg 300w, https:\/\/hopnerimaja.eu\/wp-content\/uploads\/2024\/01\/seenioride_ulikool2-1-165x300.jpeg 165w\"\n                                                                      >\n  \n\n\t\t\t\t\t\n\t\t\t\t\t\t<\/div>\n\t<\/div>\n\n\t<\/figure>\n\n<\/div>\n<\/div><div class=\"bde-column-59-105 bde-column\">\n  \n\t\n\n\n\n<div class=\"bde-rich-text-59-106 bde-rich-text breakdance-rich-text-styles\">\n<p>\u200b<img decoding=\"async\" src=\"https:\/\/www.hopnerimaja.eu\/data\/_uploaded\/keskaja%20seltskond.jpg\" alt=\"\" \/>Hopneri vanas kaupmehemajas \u00e4rkavad ellu lood, legendid ja muusika, viies k\u00fclalisi ajar\u00e4nnakutele aegade taha.<\/p><p>Majaemandad on s\u00fcdameasjaks v\u00f5tnud, et nii oma rahvas ja kui linna k\u00fclalised saaksid osa\u00a0nii keskaegsest elamusest.<\/p><p>Hopneri maja lahkesti ka v\u00f5imalust tellida programme, pidu\u00f5htuid, majaekskursioone, loenguid ja t\u00f6\u00f6tubasid.<\/p><p>Teeme koost\u00f6\u00f6d Eesti Rahvakunsti ja K\u00e4sit\u00f6\u00f6 Liiduga\u00a0<a href=\"https:\/\/medievaldays.ee\/programm\/\" target=\"_blank\" rel=\"noopener noreferrer nofollow\"><strong>Keskaja p\u00e4evade<\/strong><\/a>\u00a0kultuuriprogrammi korraldamisel.<\/p><p>\u00a0<\/p><p>\u00a0<\/p>\n<\/div>\n<\/div><\/div><\/div>\n<\/section><\/div>","protected":false},"excerpt":{"rendered":"<p>Keskaeg \u200bHopneri vanas kaupmehemajas \u00e4rkavad ellu lood, legendid ja muusika, viies k\u00fclalisi ajar\u00e4nnakutele aegade taha.Majaemandad on s\u00fcdameasjaks v\u00f5tnud, et nii oma rahvas ja kui linna k\u00fclalised saaksid osa\u00a0nii keskaegsest elamusest.Hopneri [&hellip;]<\/p>","protected":false},"author":2,"featured_media":0,"parent":0,"menu_order":0,"comment_status":"closed","ping_status":"closed","template":"","meta":{"_acf_changed":false,"footnotes":"","_breakdance_hide_in_design_set":false,"_breakdance_tags":""},"acf":[],"_links":{"self":[{"href":"https:\/\/hopnerimaja.eu\/en\/wp-json\/wp\/v2\/pages\/59"}],"collection":[{"href":"https:\/\/hopnerimaja.eu\/en\/wp-json\/wp\/v2\/pages"}],"about":[{"href":"https:\/\/hopnerimaja.eu\/en\/wp-json\/wp\/v2\/types\/page"}],"author":[{"embeddable":true,"href":"https:\/\/hopnerimaja.eu\/en\/wp-json\/wp\/v2\/users\/2"}],"replies":[{"embeddable":true,"href":"https:\/\/hopnerimaja.eu\/en\/wp-json\/wp\/v2\/comments?post=59"}],"version-history":[{"count":10,"href":"https:\/\/hopnerimaja.eu\/en\/wp-json\/wp\/v2\/pages\/59\/revisions"}],"predecessor-version":[{"id":1887,"href":"https:\/\/hopnerimaja.eu\/en\/wp-json\/wp\/v2\/pages\/59\/revisions\/1887"}],"wp:attachment":[{"href":"https:\/\/hopnerimaja.eu\/en\/wp-json\/wp\/v2\/media?parent=59"}],"curies":[{"name":"wp","href":"https:\/\/api.w.org\/{rel}","templated":true}]}}