{"id":54,"date":"2023-11-08T17:14:30","date_gmt":"2023-11-08T17:14:30","guid":{"rendered":"https:\/\/hopnerimaja.eu\/?page_id=54"},"modified":"2025-10-01T17:00:22","modified_gmt":"2025-10-01T14:00:22","slug":"tantsuklubi","status":"publish","type":"page","link":"https:\/\/hopnerimaja.eu\/en\/tantsuklubi\/","title":{"rendered":"The Tallinn Folk Dance Club"},"content":{"rendered":"<div class='breakdance'><div class=\"bde-globalblock-54-100 bde-globalblock\">\n<div class='breakdance'><section class=\"bde-section-503-100 bde-section\">\n              \n  \n\t\n\n  <div class=\"section-background-overlay\"><\/div>\n\n\n<div class=\"section-container\"><h1 class=\"bde-heading-503-101 bde-heading\">\nThe Tallinn Folk Dance Club\n<\/h1><\/div>\n<\/section><\/div>\n<\/div><section class=\"bde-section-54-101 bde-section\">\n  \n\t\n\n\n\n<div class=\"section-container\"><div class=\"bde-rich-text-54-102 bde-rich-text breakdance-rich-text-styles\">\n<div><b>NB! Change of shoes is mandatory!<br \/><br \/>Tantsuklubis saab Hopneri majas 2025 s\u00fcgishooajal jalga keerutada j\u00e4lle<\/b><strong>\u00a0on following dates:<\/strong><\/div><div>\u00a0<\/div><div>3. septembril ja 17. septembril<\/div><div>2., 15., 29. oktoobril<\/div><div>12. ja 26. novembril ning<\/div><div>10. detsembril<\/div><div>\u00a0<\/div><div><strong>We start at 19.00\u00a0<\/strong><br \/>\u00a0<\/div><div><div>The Dance Folk Club is essentially a village party relocated to the city, where instead of a village community, people who love folk dance and music come together.\u00a0<\/div><div>At the Folk Dance Club, you can dance 19th- and 20th-century village party dances from Estonia and beyond, always accompanied by live music played by a musician.<\/div><div>It is advisable to keep an eye on those who dance well and learn from them.<br \/>Everyone is welcome, whether young or old, bold or shy.\u00a0<\/div><div>\u00a0<\/div><div>NB! <strong>Bring change of shoes<\/strong> and a water bottle<\/div><div>Also, bring a friend or find a dance partner on site and\/or an instrument to play with.<\/div><div>Follow us on FB:\u00a0<a href=\"https:\/\/www.facebook.com\/groups\/tantsuklubi\" target=\"_blank\" rel=\"noopener noreferrer nofollow\">https:\/\/www.facebook.com\/groups\/tantsuklubi<\/a><\/div><div>\u00a0<\/div><div>PS! Please stay home, if you have caught a cold or are feeling a bit unwell.\u00a0<br \/>\u00a0<\/div><div>P\u00e4\u00e4supilet 7\u20ac\/10\u20ac\u00a0<\/div><\/div><div>\u00a0<\/div><div><div>\u00a0<\/div><div>\u00a0<\/div><\/div>\n<\/div><div class=\"bde-image-54-103 bde-image\">\n  \n\n\n\n\n\n<figure class=\"breakdance-image breakdance-image--887\">\n\t<div class=\"breakdance-image-container\">\n\t\t<div class=\"breakdance-image-clip\">\n\t\t\t\n\t\t\t\t\n\t\t\t\t\t      \n  \n  \n  \n  \n      \n      <img loading=\"lazy\" decoding=\"async\"\n      class=\"breakdance-image-object\"\n      src=\"https:\/\/hopnerimaja.eu\/wp-content\/uploads\/2024\/01\/seenioride_ulikool1-1.jpeg\"\n      width=\"564\"\n      height=\"300\"\n      \n      \n                                    srcset=\"https:\/\/hopnerimaja.eu\/wp-content\/uploads\/2024\/01\/seenioride_ulikool1-1.jpeg 564w, https:\/\/hopnerimaja.eu\/wp-content\/uploads\/2024\/01\/seenioride_ulikool1-1-300x160.jpeg 300w\"\n                                                                      >\n  \n\n\t\t\t\t\t\n\t\t\t\t\t\t<\/div>\n\t<\/div>\n\n\t<\/figure>\n\n<\/div><\/div>\n<\/section><\/div>","protected":false},"excerpt":{"rendered":"<p>Tantsuklubi NB! Vahetusjalan\u00f5ud on kohustuslikud!Tantsuklubis saab Hopneri majas 2025 s\u00fcgishooajal jalga keerutada j\u00e4lle\u00a0j\u00e4rgmistel kuup\u00e4evadel:\u00a03. septembril ja 17. septembril2., 15., 29. oktoobril12. ja 26. novembril ning10. detsembril\u00a0Alustame kell 19.00\u00a0\u00a0Tantsuklubi on oma [&hellip;]<\/p>","protected":false},"author":2,"featured_media":0,"parent":0,"menu_order":0,"comment_status":"closed","ping_status":"closed","template":"","meta":{"_acf_changed":false,"footnotes":"","_breakdance_hide_in_design_set":false,"_breakdance_tags":""},"acf":[],"_links":{"self":[{"href":"https:\/\/hopnerimaja.eu\/en\/wp-json\/wp\/v2\/pages\/54"}],"collection":[{"href":"https:\/\/hopnerimaja.eu\/en\/wp-json\/wp\/v2\/pages"}],"about":[{"href":"https:\/\/hopnerimaja.eu\/en\/wp-json\/wp\/v2\/types\/page"}],"author":[{"embeddable":true,"href":"https:\/\/hopnerimaja.eu\/en\/wp-json\/wp\/v2\/users\/2"}],"replies":[{"embeddable":true,"href":"https:\/\/hopnerimaja.eu\/en\/wp-json\/wp\/v2\/comments?post=54"}],"version-history":[{"count":12,"href":"https:\/\/hopnerimaja.eu\/en\/wp-json\/wp\/v2\/pages\/54\/revisions"}],"predecessor-version":[{"id":3292,"href":"https:\/\/hopnerimaja.eu\/en\/wp-json\/wp\/v2\/pages\/54\/revisions\/3292"}],"wp:attachment":[{"href":"https:\/\/hopnerimaja.eu\/en\/wp-json\/wp\/v2\/media?parent=54"}],"curies":[{"name":"wp","href":"https:\/\/api.w.org\/{rel}","templated":true}]}}