{"id":52,"date":"2023-11-08T17:14:02","date_gmt":"2023-11-08T17:14:02","guid":{"rendered":"https:\/\/hopnerimaja.eu\/?page_id=52"},"modified":"2026-03-30T15:37:12","modified_gmt":"2026-03-30T12:37:12","slug":"seenioride-ulikool","status":"publish","type":"page","link":"https:\/\/hopnerimaja.eu\/en\/seenioride-ulikool\/","title":{"rendered":"Senior University"},"content":{"rendered":"<div class='breakdance'><div class=\"bde-globalblock-52-102 bde-globalblock\">\n<div class='breakdance'><section class=\"bde-section-503-100 bde-section\">\n              \n  \n\t\n\n  <div class=\"section-background-overlay\"><\/div>\n\n\n<div class=\"section-container\"><h1 class=\"bde-heading-503-101 bde-heading\">\nSenior University\n<\/h1><\/div>\n<\/section><\/div>\n<\/div><section class=\"bde-section-52-100 bde-section\">\n  \n\t\n\n\n\n<div class=\"section-container\"><div class=\"bde-rich-text-52-101 bde-rich-text breakdance-rich-text-styles\">\n<h2><strong>Seenioride \u00dclikoolil on k\u00e4imas 13. \u00f5ppeaasta.<\/strong><\/h2><p>Hopneri Majas algas sel s\u00fcgisel Tallinna kesklinna Seenioride \u00fclikooli kolmeteistk\u00fcmnes hooaeg.\u00a0<br \/>Ootame loengutesse k\u00f5iki huvilisi, kel vanust 60+.\u00a0<\/p><p>Seenioride \u00fclikooli tegevus toimub loengute, vestluste ja k\u00fclastuste vormis. Eestikeelne loeng algab Hopneri maja suures saalis\u00a0kell 12.00 ja venekeelne kell 15.00. Nagu varasemalt, toimuvad loengud ikka \u00fcle n\u00e4dala kolmap\u00e4eviti.<br \/>V\u00f5tame jutuks teemad ajaloost, \u00fchiskonnast, kultuurist,\u00a0tervisest, loodusest. Loenguid viivad l\u00e4bi\u00a0oma ala tunnustatud lektorid ja \u00fchiskonnategelased.<\/p><p>Lisame jooksvalt loengute kohta t\u00e4psustavat infot, mille leiab siitsamast Hopneri Maja kodulehelt <a href=\"https:\/\/hopnerimaja.eu\/en\/\" target=\"_blank\" rel=\"noopener noreferrer nofollow\">www.hopnerimaja.eu<\/a>\u00a0 Seenioride \u00fclikooli eestikeelsete loengute kohta saab informatsiooni kirjutades <a href=\"mailto:kadri.viirand@tallinnlv.ee\">kadri.viirand@tallinnlv.ee<\/a> v\u00f5i tel <a href=\"tel:  372 6455 321\">+372 645 5321<\/a> ning venekeelse programmi kohta: <a href=\"mailto:roman.ljagu@tallinnlv.ee\">roman.ljagu@tallinnlv.ee<\/a> ;\u00a0 <a href=\"tel:  372 5615 6522\">+372 5615 6522<\/a><\/p><p>Ootame aktiivset osav\u00f5ttu. <strong>Oodatud on k\u00f5ik soovijad, kel vanust 60+, tule etteregistreerimata, kohapeal tuleb vaid t\u00e4ita avaldus.\u00a0<\/strong><br \/><br \/><strong>2026.<\/strong> aasta alguses algavad loengud taas alates <strong>14. jaanuarist. Kohtume eesti grupiga kell 12.00 ja vene grupiga kell 15.00. Loengukava t\u00e4itub jooksvalt.<br \/><\/strong><\/p><p style=\"padding-left: 40px;\"><br \/><strong>14. jaanuaril kell 12.00 - <\/strong>loeng<strong> \"Tuhat aastat Hiina ajalugu ja majandust\". <\/strong>Loengut peab majandusteooria lektor<strong> Peeter P\u00f5lluveer.<\/strong><\/p><p style=\"padding-left: 40px;\"><strong>28. jaanuar kell 12.00 - <\/strong>loeng<strong> \"Kuninganna Victoria\", <\/strong>lektor ajaloolane <strong>Heiki Haljasorg.\u00a0<br \/><br \/>11. veebruar kell 12.00 - <\/strong>loeng<strong> \"Arukas liikumine ja kepik\u00f5nni h\u00fcved\", <\/strong>lektor<strong> Kaarel Zilmer.\u00a0<\/strong><\/p><p style=\"padding-left: 40px;\"><strong>25. veebruar kell 12.00 - Kirjandushommik. <\/strong>Kunstniku ja kirjaniku, raamatu <strong>\"Ellen Niit. Heleda m\u00f5tte laast\" <\/strong>autori<strong> Maarja Unduskiga <\/strong>vestleb raadioajakirjanik<strong> Kaja K\u00e4rner<\/strong><\/p><p style=\"padding-left: 40px;\"><strong>11. m\u00e4rts kell 12.00 - Naistep\u00e4eva kontsert<\/strong><\/p><p style=\"padding-left: 40px;\"><strong>25. m\u00e4rts kell 12.00 - <\/strong>loeng<strong> \"Vanema ea arengu\u00fclesanded hoiavad noorena\", <\/strong>lektor ps\u00fchholoog<strong> Anneli Salk.\u00a0<\/strong><\/p><p style=\"padding-left: 40px;\"><strong>8. aprill kell 12.00 - <\/strong>K\u00fclla tuleb<strong> P\u00e4\u00e4steamet!<\/strong><\/p><p style=\"padding-left: 40px;\"><strong>22. aprill kell 12.00 - <\/strong>Loeng<strong> \u201cMis on AI ja kuidas see meile kasulik on\u201d, <\/strong>lektor<strong> Aivo Vaske<br \/><br \/>Seenioride \u00fclikooli loengukava j\u00e4tkub taas s\u00fcgisel<\/strong><\/p><p style=\"padding-left: 40px;\"><strong><br \/><\/strong><strong>\u2666 \u2666 \u2666<br \/><br \/><br \/>17. detsembril <\/strong>kell 12.00<strong> J\u00d5ULUKONTSERT.<br \/><br \/>3. detsembril kell 12.00 loeng \"Tallinna vanalinna majade interj\u00f6\u00f6rid\". Lektor legendaarne muinsuskaitsja Boris Dubovik.\u00a0<br \/><br \/>19. novembril kell 12.00 ekskursioon \"MUINASJUTUHOOVIDE jalutusk\u00e4ik koos muinasjutuvestjaga\". <br \/>NB! Soojalt riidesse ja mugavad jalan\u00f5ud jalga. Jalutame terve tunni ja otsime vanalinna pealt muinasjutte.\u00a0<br \/><br \/>5. novembril kell 12.00 loeng \"Levinud petuskeemid\".\u00a0<br \/><br \/>22. oktoobril kell 12.00 loeng \"Rahvap\u00e4rimused ja hingedep\u00e4ev ps\u00fchholoogia v\u00f5tmes\", lektor ps\u00fchholoog Anneli Salk.\u00a0<br \/><br \/>8. oktoobril kell 12.00 loeng \"Vaikuse ja heli piiril - kuulmine ja kuulmislangus\", lektor audioloog Marleen Houseman.<br \/><br \/>24. septembril kell 12.00 loeng \"Eduard Profittlich - piiskop ja m\u00e4rter\", lektor ajaloolane Toomas Abiline<br \/><br \/>10. septembril kell 12.00 loeng \"Stiilitund Hopneri maja seenioridele\", lektor moekunstnik Oksana Tandit.<br \/><\/strong><\/p><div>\u2666 \u2666 \u2666<\/div><div>\u00a0<\/div><div>\u00a0<\/div>\n<\/div><div class=\"bde-gallery-52-103 bde-gallery\">\n\n\n\n\n\n\n\n\n\n\n\n\n\n<div class=\"ee-gallery ee-gallery--isotope ee-gallery--justified ee-gallery--single ee-gallery--none ee-gallery-- ee-gallery--caption- ee-gallery--caption-none ee-gallery--ratio\">\n                  \n      <div class=\"ee-gallery-item ee-gallery-item--image ee-gallery-item--single\" href=\"https:\/\/hopnerimaja.eu\/wp-content\/uploads\/2024\/01\/seenioride_ulikool2.jpeg\"  data-sub-html=\"\" data-category=\"1\"                  data-lg-size=\"453-300\"\n\n      >\n        <figure class=\"ee-gallery-item-figure\">\n                                    \n  \n  \n  \n  \n      \n      <img loading=\"lazy\" decoding=\"async\"\n      class=\"breakdance-image-object\"\n      src=\"https:\/\/hopnerimaja.eu\/wp-content\/uploads\/2024\/01\/seenioride_ulikool2.jpeg\"\n      width=\"453\"\n      height=\"300\"\n      \n      \n                                    srcset=\"https:\/\/hopnerimaja.eu\/wp-content\/uploads\/2024\/01\/seenioride_ulikool2.jpeg 453w, https:\/\/hopnerimaja.eu\/wp-content\/uploads\/2024\/01\/seenioride_ulikool2-300x199.jpeg 300w\"\n                                                                      >\n  \n  \n          \n                  <\/figure>\n      <\/div>\n\n                \n      <div class=\"ee-gallery-item ee-gallery-item--image ee-gallery-item--single\" href=\"https:\/\/hopnerimaja.eu\/wp-content\/uploads\/2024\/01\/seenioride_ulikool3.jpg\"  data-sub-html=\"\" data-category=\"1\"                  data-lg-size=\"400-300\"\n\n      >\n        <figure class=\"ee-gallery-item-figure\">\n                                    \n  \n  \n  \n  \n      \n      <img loading=\"lazy\" decoding=\"async\"\n      class=\"breakdance-image-object\"\n      src=\"https:\/\/hopnerimaja.eu\/wp-content\/uploads\/2024\/01\/seenioride_ulikool3.jpg\"\n      width=\"400\"\n      height=\"300\"\n      \n      \n                                    srcset=\"https:\/\/hopnerimaja.eu\/wp-content\/uploads\/2024\/01\/seenioride_ulikool3.jpg 400w, https:\/\/hopnerimaja.eu\/wp-content\/uploads\/2024\/01\/seenioride_ulikool3-300x225.jpg 300w\"\n                                                                      >\n  \n  \n          \n                  <\/figure>\n      <\/div>\n\n                \n      <div class=\"ee-gallery-item ee-gallery-item--image ee-gallery-item--single\" href=\"https:\/\/hopnerimaja.eu\/wp-content\/uploads\/2024\/01\/seenioride_ulikool1.jpeg\"  data-sub-html=\"\" data-category=\"1\"                  data-lg-size=\"199-300\"\n\n      >\n        <figure class=\"ee-gallery-item-figure\">\n                                    \n  \n  \n  \n  \n      \n      <img loading=\"lazy\" decoding=\"async\"\n      class=\"breakdance-image-object\"\n      src=\"https:\/\/hopnerimaja.eu\/wp-content\/uploads\/2024\/01\/seenioride_ulikool1.jpeg\"\n      width=\"199\"\n      height=\"300\"\n      \n      \n                                                                  >\n  \n  \n          \n                  <\/figure>\n      <\/div>\n\n        \n      <div class=\"ee-gallery-gutter\"><\/div>\n  <\/div>\n\n\n\n<\/div><\/div>\n<\/section><\/div>","protected":false},"excerpt":{"rendered":"<p>Seenioride \u00fclikool Seenioride \u00dclikoolil on k\u00e4imas 13. \u00f5ppeaasta.Hopneri Majas algas sel s\u00fcgisel Tallinna kesklinna Seenioride \u00fclikooli kolmeteistk\u00fcmnes hooaeg.\u00a0Ootame loengutesse k\u00f5iki huvilisi, kel vanust 60+.\u00a0Seenioride \u00fclikooli tegevus toimub loengute, vestluste ja [&hellip;]<\/p>","protected":false},"author":2,"featured_media":0,"parent":0,"menu_order":0,"comment_status":"closed","ping_status":"closed","template":"","meta":{"_acf_changed":false,"footnotes":"","_breakdance_hide_in_design_set":false,"_breakdance_tags":""},"acf":[],"_links":{"self":[{"href":"https:\/\/hopnerimaja.eu\/en\/wp-json\/wp\/v2\/pages\/52"}],"collection":[{"href":"https:\/\/hopnerimaja.eu\/en\/wp-json\/wp\/v2\/pages"}],"about":[{"href":"https:\/\/hopnerimaja.eu\/en\/wp-json\/wp\/v2\/types\/page"}],"author":[{"embeddable":true,"href":"https:\/\/hopnerimaja.eu\/en\/wp-json\/wp\/v2\/users\/2"}],"replies":[{"embeddable":true,"href":"https:\/\/hopnerimaja.eu\/en\/wp-json\/wp\/v2\/comments?post=52"}],"version-history":[{"count":35,"href":"https:\/\/hopnerimaja.eu\/en\/wp-json\/wp\/v2\/pages\/52\/revisions"}],"predecessor-version":[{"id":3820,"href":"https:\/\/hopnerimaja.eu\/en\/wp-json\/wp\/v2\/pages\/52\/revisions\/3820"}],"wp:attachment":[{"href":"https:\/\/hopnerimaja.eu\/en\/wp-json\/wp\/v2\/media?parent=52"}],"curies":[{"name":"wp","href":"https:\/\/api.w.org\/{rel}","templated":true}]}}