{"id":40,"date":"2023-11-08T17:10:20","date_gmt":"2023-11-08T17:10:20","guid":{"rendered":"https:\/\/hopnerimaja.eu\/?page_id=40"},"modified":"2024-02-20T17:06:24","modified_gmt":"2024-02-20T15:06:24","slug":"sissesoiduluba","status":"publish","type":"page","link":"https:\/\/hopnerimaja.eu\/en\/sissesoiduluba\/","title":{"rendered":"Entry permit to Old Town"},"content":{"rendered":"<div class='breakdance'><div class=\"bde-globalblock-40-100 bde-globalblock\">\n<div class='breakdance'><section class=\"bde-section-503-100 bde-section\">\n              \n  \n\t\n\n  <div class=\"section-background-overlay\"><\/div>\n\n\n<div class=\"section-container\"><h1 class=\"bde-heading-503-101 bde-heading\">\nEntry permit to Old Town\n<\/h1><\/div>\n<\/section><\/div>\n<\/div><section class=\"bde-section-40-101 bde-section\">\n  \n\t\n\n\n\n<div class=\"section-container\"><div class=\"bde-rich-text-40-102 bde-rich-text breakdance-rich-text-styles\">\n<p>\u00dcrituse korraldajana saad Sa \u00fcritust teenindavale s\u00f5idukile Hopneri Maja kinnistule juurde p\u00e4\u00e4semiseks taotleda ajutise juurdep\u00e4\u00e4su loa vastavalt Tallinna Linnavalitsuse 13.06.2012 m\u00e4\u00e4rusele nr 28 \u201c<a href=\"https:\/\/www.riigiteataja.ee\/akt\/417062015028?leiaKehtiv\" target=\"_blank\" rel=\"noopener noreferrer nofollow\">Liikluskorraldus Tallinna vanalinnas<\/a>\u201d<\/p><ul><li>Loa saamiseks t\u00e4ida allolev vorm.<\/li><li>Luba annab \u00f5iguse peatuda kuni pool tundi Raekoja plats 18\/Vanaturu kael 3 kinnistul kauba maha- ja pealelaadimiseks.<\/li><li>Luba ei anna s\u00f5idukile parkimis\u00f5igust!<\/li><li>Taotlus tuleb esitada 3 t\u00f6\u00f6p\u00e4eva enne \u00fcritust.<\/li><li>Luba on digitaalne.<\/li><\/ul><h5>Kinnistule ajutise juurdep\u00e4\u00e4su loa taotlemine:<\/h5>\n<\/div><div class=\"bde-form-builder-40-103 bde-form-builder\">\n\n\n<form id=\"contact-form103\" class=\"breakdance-form breakdance-form--vertical\" data-options=\"{&quot;slug&quot;:&quot;custom&quot;,&quot;name&quot;:&quot;Contact Form&quot;,&quot;ajaxUrl&quot;:&quot;https:\\\/\\\/hopnerimaja.eu\\\/wp-admin\\\/admin-ajax.php&quot;,&quot;clearOnSuccess&quot;:true,&quot;hideOnSuccess&quot;:false,&quot;successMessage&quot;:&quot;Teie taotlus on saadetud &quot;,&quot;errorMessage&quot;:&quot;Midagi l\\u00e4ks valesti&quot;,&quot;redirect&quot;:false,&quot;redirectUrl&quot;:&quot;&quot;,&quot;customJavaScript&quot;:&quot;&quot;,&quot;recaptcha&quot;:{&quot;key&quot;:&quot;&quot;,&quot;enabled&quot;:false},&quot;honeypot_enabled&quot;:false,&quot;popupsOnSuccess&quot;:[],&quot;popupsOnError&quot;:[]}\" data-steps=\"0\" >\n  \n  \n  \n<div class=\"breakdance-form-field breakdance-form-field--text\" >\n    \n    \n            <label class=\"breakdance-form-field__label\" for=\"name\">\n            Ettev\u00f5tte v\u00f5i isiku nimi<span class=\"breakdance-form-field__required\">*<\/span>\n        <\/label>\n    \n    <input\n    class=\"breakdance-form-field__input\"\n    id=\"name\"\n    aria-describedby=\"name\"\n    type=\"text\"\n    name=\"fields[name]\"\n    placeholder=\"Ettev\u00f5tte v\u00f5i isiku nimi\"\n    value=\"\"\n                \n        \n        \n    required\n>\n\n\n    \n    \n<\/div>\n\n\n<div class=\"breakdance-form-field breakdance-form-field--text\" >\n    \n    \n            <label class=\"breakdance-form-field__label\" for=\"email\">\n            Registrinumber v\u00f5i isikukood<span class=\"breakdance-form-field__required\">*<\/span>\n        <\/label>\n    \n    <input\n    class=\"breakdance-form-field__input\"\n    id=\"email\"\n    aria-describedby=\"email\"\n    type=\"text\"\n    name=\"fields[email]\"\n    placeholder=\"Registrinumber v\u00f5i isikukood\"\n    value=\"\"\n                \n        \n        \n    required\n>\n\n\n    \n    \n<\/div>\n\n\n<div class=\"breakdance-form-field breakdance-form-field--text\" >\n    \n    \n            <label class=\"breakdance-form-field__label\" for=\"message\">\n            Kinnistule juurdep\u00e4\u00e4su kuup\u00e4ev v\u00f5i kellaaaeg<span class=\"breakdance-form-field__required\">*<\/span>\n        <\/label>\n    \n    <input\n    class=\"breakdance-form-field__input\"\n    id=\"message\"\n    aria-describedby=\"message\"\n    type=\"text\"\n    name=\"fields[message]\"\n    placeholder=\"Kinnistule juurdep\u00e4\u00e4su kuup\u00e4ev v\u00f5i kellaaaeg\"\n    value=\"\"\n                \n        \n        \n    required\n>\n\n\n    \n    \n<\/div>\n\n\n<div class=\"breakdance-form-field breakdance-form-field--text\" >\n    \n    \n            <label class=\"breakdance-form-field__label\" for=\"vqtiyg\">\n            S\u00f5iduki registreerimisnumber<span class=\"breakdance-form-field__required\">*<\/span>\n        <\/label>\n    \n    <input\n    class=\"breakdance-form-field__input\"\n    id=\"vqtiyg\"\n    aria-describedby=\"vqtiyg\"\n    type=\"text\"\n    name=\"fields[vqtiyg]\"\n    placeholder=\"S\u00f5iduki registreerimisnumber\"\n    value=\"\"\n                \n        \n        \n    required\n>\n\n\n    \n    \n<\/div>\n\n\n<div class=\"breakdance-form-field breakdance-form-field--tel\" >\n    \n    \n            <label class=\"breakdance-form-field__label\" for=\"pjpgjn\">\n            Kontaktisiku telefoninumber\n        <\/label>\n    \n    <input\n    class=\"breakdance-form-field__input\"\n    id=\"pjpgjn\"\n    aria-describedby=\"pjpgjn\"\n    type=\"tel\"\n    name=\"fields[pjpgjn]\"\n    placeholder=\"Kontaktisiku telefoninumber\"\n    value=\"\"\n                \n        \n        \n    \n    \n    \n>\n\n\n    \n    \n<\/div>\n\n\n<div class=\"breakdance-form-field breakdance-form-field--email\" >\n    \n    \n            <label class=\"breakdance-form-field__label\" for=\"yaxpjt\">\n            Kontaktisiku e-maili aadress\n        <\/label>\n    \n    <input\n    class=\"breakdance-form-field__input\"\n    id=\"yaxpjt\"\n    aria-describedby=\"yaxpjt\"\n    type=\"email\"\n    name=\"fields[yaxpjt]\"\n    placeholder=\"Kontaktisiku e-maili aadress\"\n    value=\"\"\n                \n        \n        \n    \n    \n    \n>\n\n\n    \n    \n<\/div>\n\n\n<div class=\"breakdance-form-field breakdance-form-field--textarea\" >\n    \n    \n            <label class=\"breakdance-form-field__label\" for=\"ftpyac\">\n            Taotluse p\u00f5hjendus<span class=\"breakdance-form-field__required\">*<\/span>\n        <\/label>\n    \n    <textarea\n    class=\"breakdance-form-field__input\"\n    id=\"ftpyac\"\n    aria-describedby=\"ftpyac\"\n    type=\"textarea\"\n    name=\"fields[ftpyac]\"\n        placeholder=\"Taotluse p\u00f5hjendus\"\n    required\n>\n<\/textarea>\n\n\n    \n    \n<\/div>\n\n\n  \n\n<div class=\"breakdance-form-field breakdance-form-footer\">\n    \n    \n                                    \n    \n    \n    \n    \n            \n            <button type=\"submit\" class=\"button-atom button-atom--primary breakdance-form-button breakdance-form-button__submit\"  >\n    \n        <span class=\"button-atom__text\">Saada<\/span>\n\n        \n        \n            <\/button>\n    \n    <input type=\"hidden\" name=\"form_id\" value=\"103\">\n    <input type=\"hidden\" name=\"post_id\" value=\"40\">\n<\/div>\n\n  \n<input type=\"hidden\" name=\"trp-form-language\" value=\"en\"\/><\/form>\n\n\n\n<\/div><\/div>\n<\/section><\/div>","protected":false},"excerpt":{"rendered":"<p>Sisses\u00f5iduluba \u00dcrituse korraldajana saad Sa \u00fcritust teenindavale s\u00f5idukile Hopneri Maja kinnistule juurde p\u00e4\u00e4semiseks taotleda ajutise juurdep\u00e4\u00e4su loa vastavalt Tallinna Linnavalitsuse 13.06.2012 m\u00e4\u00e4rusele nr 28 \u201cLiikluskorraldus Tallinna vanalinnas\u201dLoa saamiseks t\u00e4ida allolev [&hellip;]<\/p>","protected":false},"author":2,"featured_media":0,"parent":0,"menu_order":0,"comment_status":"closed","ping_status":"closed","template":"","meta":{"_acf_changed":false,"footnotes":"","_breakdance_hide_in_design_set":false,"_breakdance_tags":""},"acf":[],"_links":{"self":[{"href":"https:\/\/hopnerimaja.eu\/en\/wp-json\/wp\/v2\/pages\/40"}],"collection":[{"href":"https:\/\/hopnerimaja.eu\/en\/wp-json\/wp\/v2\/pages"}],"about":[{"href":"https:\/\/hopnerimaja.eu\/en\/wp-json\/wp\/v2\/types\/page"}],"author":[{"embeddable":true,"href":"https:\/\/hopnerimaja.eu\/en\/wp-json\/wp\/v2\/users\/2"}],"replies":[{"embeddable":true,"href":"https:\/\/hopnerimaja.eu\/en\/wp-json\/wp\/v2\/comments?post=40"}],"version-history":[{"count":16,"href":"https:\/\/hopnerimaja.eu\/en\/wp-json\/wp\/v2\/pages\/40\/revisions"}],"predecessor-version":[{"id":1763,"href":"https:\/\/hopnerimaja.eu\/en\/wp-json\/wp\/v2\/pages\/40\/revisions\/1763"}],"wp:attachment":[{"href":"https:\/\/hopnerimaja.eu\/en\/wp-json\/wp\/v2\/media?parent=40"}],"curies":[{"name":"wp","href":"https:\/\/api.w.org\/{rel}","templated":true}]}}