{"id":3748,"date":"2026-03-02T12:24:40","date_gmt":"2026-03-02T10:24:40","guid":{"rendered":"https:\/\/hopnerimaja.eu\/?page_id=3748"},"modified":"2026-03-04T21:03:30","modified_gmt":"2026-03-04T19:03:30","slug":"ukulele-ansambel","status":"publish","type":"page","link":"https:\/\/hopnerimaja.eu\/en\/huvitegevus\/ukulele-ansambel\/","title":{"rendered":"Ukulele ansambel"},"content":{"rendered":"<div class='breakdance'><section class=\"bde-section-3748-100 bde-section\">\n  \n\t\n\n\n\n<div class=\"section-container\"><h1 class=\"bde-heading-3748-101 bde-heading\">\nUkulele ansambel\n<\/h1><div class=\"bde-text-3748-102 bde-text\">\n\n<\/div><div class=\"bde-rich-text-3748-103 bde-rich-text breakdance-rich-text-styles\">\n<p>Hopneri Maja ukulele ansambel alustab koos m\u00e4ngimist 2. m\u00e4rtsil 2026. Ansamblit juhib muusika\u00f5petaja Mai Kaur, kes on Hopneri Majas ukulele kursuseid juhendanud aastast 2020.\u00a0 Algajaist on kuue aastaga saanud edasij\u00f5udjad ja ansambliga alustamiseks ongi n\u00fc\u00fcd paras aeg.<br \/>Mai Kaur omab pedagoogiharidust ning pikaajalist \u00f5petajakogemust nii lastele kui t\u00e4iskasvanutele pillim\u00e4ngu \u00f5petades.<br \/>Enda kohta \u00fctleb ta: \"Minu suurimaks hobiks on pillim\u00e4ng, tore on leida ennast saksofoni, basskitarri v\u00f5i ukulelet m\u00e4ngimas. Eesti Ukuleleorkestris olen musitseerinud juba 5 aastat.<\/p><p>Proovid toimuvad \u00fcle n\u00e4dala esmasp\u00e4eviti\u00a0 2., 16. m\u00e4rtsil, 6., 20. aprillil ja 4., 18. mail kell 18.00. Ansambliga saab liituda jooksvalt kirjutades <a href=\"mailto:katrin.tuuksam@tallinnlv.ee\">katrin.tuuksam@tallinnlv.ee<\/a><\/p><p>Ansambli kuutasu on 30\u20ac, maksmine toimub arve alusel.<\/p>\n<\/div><\/div>\n<\/section><\/div>","protected":false},"excerpt":{"rendered":"<p>Ukulele ansambel Hopneri Maja ukulele ansambel alustab koos m\u00e4ngimist 2. m\u00e4rtsil 2026. Ansamblit juhib muusika\u00f5petaja Mai Kaur, kes on Hopneri Majas ukulele kursuseid juhendanud aastast 2020.\u00a0 Algajaist on kuue aastaga [&hellip;]<\/p>","protected":false},"author":8,"featured_media":0,"parent":50,"menu_order":0,"comment_status":"closed","ping_status":"closed","template":"","meta":{"_acf_changed":false,"footnotes":"","_breakdance_hide_in_design_set":false,"_breakdance_tags":""},"acf":[],"_links":{"self":[{"href":"https:\/\/hopnerimaja.eu\/en\/wp-json\/wp\/v2\/pages\/3748"}],"collection":[{"href":"https:\/\/hopnerimaja.eu\/en\/wp-json\/wp\/v2\/pages"}],"about":[{"href":"https:\/\/hopnerimaja.eu\/en\/wp-json\/wp\/v2\/types\/page"}],"author":[{"embeddable":true,"href":"https:\/\/hopnerimaja.eu\/en\/wp-json\/wp\/v2\/users\/8"}],"replies":[{"embeddable":true,"href":"https:\/\/hopnerimaja.eu\/en\/wp-json\/wp\/v2\/comments?post=3748"}],"version-history":[{"count":7,"href":"https:\/\/hopnerimaja.eu\/en\/wp-json\/wp\/v2\/pages\/3748\/revisions"}],"predecessor-version":[{"id":3775,"href":"https:\/\/hopnerimaja.eu\/en\/wp-json\/wp\/v2\/pages\/3748\/revisions\/3775"}],"up":[{"embeddable":true,"href":"https:\/\/hopnerimaja.eu\/en\/wp-json\/wp\/v2\/pages\/50"}],"wp:attachment":[{"href":"https:\/\/hopnerimaja.eu\/en\/wp-json\/wp\/v2\/media?parent=3748"}],"curies":[{"name":"wp","href":"https:\/\/api.w.org\/{rel}","templated":true}]}}