{"id":37,"date":"2023-11-08T17:09:31","date_gmt":"2023-11-08T17:09:31","guid":{"rendered":"https:\/\/hopnerimaja.eu\/?page_id=37"},"modified":"2024-05-06T19:21:36","modified_gmt":"2024-05-06T16:21:36","slug":"broneerimine","status":"publish","type":"page","link":"https:\/\/hopnerimaja.eu\/en\/broneerimine\/","title":{"rendered":"Booking"},"content":{"rendered":"<div class='breakdance'><div class=\"bde-globalblock-37-100 bde-globalblock\">\n<div class='breakdance'><section class=\"bde-section-503-100 bde-section\">\n              \n  \n\t\n\n  <div class=\"section-background-overlay\"><\/div>\n\n\n<div class=\"section-container\"><h1 class=\"bde-heading-503-101 bde-heading\">\nBooking\n<\/h1><\/div>\n<\/section><\/div>\n<\/div><section class=\"bde-section-37-114 bde-section\">\n  \n\t\n\n\n\n<div class=\"section-container\"><div class=\"bde-div-37-112 bde-div\">\n  \n\t\n\n\n\n<div class=\"bde-form-builder-37-113 bde-form-builder\">\n\n\n<form id=\"broneeringuvorm113\" class=\"breakdance-form breakdance-form--vertical\" data-options=\"{&quot;slug&quot;:&quot;custom&quot;,&quot;name&quot;:&quot;Broneeringuvorm&quot;,&quot;ajaxUrl&quot;:&quot;https:\\\/\\\/hopnerimaja.eu\\\/wp-admin\\\/admin-ajax.php&quot;,&quot;clearOnSuccess&quot;:true,&quot;hideOnSuccess&quot;:false,&quot;successMessage&quot;:&quot;Teie p\\u00e4ring on saadetud. &quot;,&quot;errorMessage&quot;:&quot;Midagi l\\u00e4ks valesti.&quot;,&quot;redirect&quot;:false,&quot;redirectUrl&quot;:&quot;&quot;,&quot;customJavaScript&quot;:&quot;&quot;,&quot;recaptcha&quot;:{&quot;key&quot;:&quot;&quot;,&quot;enabled&quot;:false},&quot;honeypot_enabled&quot;:false,&quot;popupsOnSuccess&quot;:[],&quot;popupsOnError&quot;:[]}\" data-steps=\"0\" >\n  \n  \n  \n<div class=\"breakdance-form-field breakdance-form-field--text\" >\n    \n    \n            <label class=\"breakdance-form-field__label\" for=\"name\">\n            Korraldaja\n        <\/label>\n    \n    <input\n    class=\"breakdance-form-field__input\"\n    id=\"name\"\n    aria-describedby=\"name\"\n    type=\"text\"\n    name=\"fields[name]\"\n    placeholder=\"Ettev\u00f5tte v\u00f5i isiku nimi\"\n    value=\"\"\n                \n        \n        \n    \n    \n    \n>\n\n\n    \n    \n<\/div>\n\n\n<div class=\"breakdance-form-field breakdance-form-field--text\" >\n    \n    \n            <label class=\"breakdance-form-field__label\" for=\"email\">\n            ID\n        <\/label>\n    \n    <input\n    class=\"breakdance-form-field__input\"\n    id=\"email\"\n    aria-describedby=\"email\"\n    type=\"text\"\n    name=\"fields[email]\"\n    placeholder=\"Registrinumber v\u00f5i isikukood\"\n    value=\"\"\n                \n        \n        \n    \n    \n    \n>\n\n\n    \n    \n<\/div>\n\n\n<div class=\"breakdance-form-field breakdance-form-field--text\" >\n    \n    \n            <label class=\"breakdance-form-field__label\" for=\"message\">\n            Aadress\n        <\/label>\n    \n    <input\n    class=\"breakdance-form-field__input\"\n    id=\"message\"\n    aria-describedby=\"message\"\n    type=\"text\"\n    name=\"fields[message]\"\n    placeholder=\"T\u00e4nav, maja, asula, maakond\"\n    value=\"\"\n                \n        \n        \n    \n    \n    \n>\n\n\n    \n    \n<\/div>\n\n\n<div class=\"breakdance-form-field breakdance-form-field--text\" >\n    \n    \n            <label class=\"breakdance-form-field__label\" for=\"aifpwo\">\n            Allkirjastaja \n        <\/label>\n    \n    <input\n    class=\"breakdance-form-field__input\"\n    id=\"aifpwo\"\n    aria-describedby=\"aifpwo\"\n    type=\"text\"\n    name=\"fields[aifpwo]\"\n    placeholder=\"Lepingu allkirjastaja nimi\"\n    value=\"\"\n                \n        \n        \n    \n    \n    \n>\n\n\n    \n    \n<\/div>\n\n\n<div class=\"breakdance-form-field breakdance-form-field--text\" >\n    \n    \n            <label class=\"breakdance-form-field__label\" for=\"muezjf\">\n            Allkirjastaja amet\n        <\/label>\n    \n    <input\n    class=\"breakdance-form-field__input\"\n    id=\"muezjf\"\n    aria-describedby=\"muezjf\"\n    type=\"text\"\n    name=\"fields[muezjf]\"\n    placeholder=\"Lepingu allkirjastaja amet\"\n    value=\"\"\n                \n        \n        \n    \n    \n    \n>\n\n\n    \n    \n<\/div>\n\n\n<div class=\"breakdance-form-field breakdance-form-field--text\" >\n    \n    \n            <label class=\"breakdance-form-field__label\" for=\"gcmprc\">\n            Kontaktisiku nimi\n        <\/label>\n    \n    <input\n    class=\"breakdance-form-field__input\"\n    id=\"gcmprc\"\n    aria-describedby=\"gcmprc\"\n    type=\"text\"\n    name=\"fields[gcmprc]\"\n    placeholder=\"Kontaktisiku nimi\"\n    value=\"\"\n                \n        \n        \n    \n    \n    \n>\n\n\n    \n    \n<\/div>\n\n\n<div class=\"breakdance-form-field breakdance-form-field--tel\" >\n    \n    \n            <label class=\"breakdance-form-field__label\" for=\"lhbkha\">\n            Kontaktisiku telefon\n        <\/label>\n    \n    <input\n    class=\"breakdance-form-field__input\"\n    id=\"lhbkha\"\n    aria-describedby=\"lhbkha\"\n    type=\"tel\"\n    name=\"fields[lhbkha]\"\n    placeholder=\"Kontaktisiku telefon\"\n    value=\"\"\n                \n        \n        \n    \n    \n    \n>\n\n\n    \n    \n<\/div>\n\n\n<div class=\"breakdance-form-field breakdance-form-field--text\" >\n    \n    \n            <label class=\"breakdance-form-field__label\" for=\"paqvgp\">\n            Kontaktisiku e-post\n        <\/label>\n    \n    <input\n    class=\"breakdance-form-field__input\"\n    id=\"paqvgp\"\n    aria-describedby=\"paqvgp\"\n    type=\"text\"\n    name=\"fields[paqvgp]\"\n    placeholder=\"Kontaktisiku e-post\"\n    value=\"\"\n                \n        \n        \n    \n    \n    \n>\n\n\n    \n    \n<\/div>\n\n\n<div class=\"breakdance-form-field breakdance-form-field--text\" >\n    \n    \n            <label class=\"breakdance-form-field__label\" for=\"gezfjk\">\n            S\u00fcndmuse nimetus\n        <\/label>\n    \n    <input\n    class=\"breakdance-form-field__input\"\n    id=\"gezfjk\"\n    aria-describedby=\"gezfjk\"\n    type=\"text\"\n    name=\"fields[gezfjk]\"\n    placeholder=\"S\u00fcndmuse nimetus\"\n    value=\"\"\n                \n        \n        \n    \n    \n    \n>\n\n\n    \n    \n<\/div>\n\n\n<div class=\"breakdance-form-field breakdance-form-field--text\" >\n    \n    \n            <label class=\"breakdance-form-field__label\" for=\"rrcmtt\">\n            S\u00fcndmuse l\u00fchikirjeldus\n        <\/label>\n    \n    <input\n    class=\"breakdance-form-field__input\"\n    id=\"rrcmtt\"\n    aria-describedby=\"rrcmtt\"\n    type=\"text\"\n    name=\"fields[rrcmtt]\"\n    placeholder=\"Esinejad, sihtgrupp, eeldatav osav\u00f5tjate arv jne\"\n    value=\"\"\n                \n        \n        \n    \n    \n    \n>\n\n\n    \n    \n<\/div>\n\n\n<div class=\"breakdance-form-field breakdance-form-field--text\" >\n    \n    \n            <label class=\"breakdance-form-field__label\" for=\"iflaxs\">\n            Pileti hind\n        <\/label>\n    \n    <input\n    class=\"breakdance-form-field__input\"\n    id=\"iflaxs\"\n    aria-describedby=\"iflaxs\"\n    type=\"text\"\n    name=\"fields[iflaxs]\"\n    placeholder=\"Pileti hind\"\n    value=\"\"\n                \n        \n        \n    \n    \n    \n>\n\n\n    \n    \n<\/div>\n\n\n<div class=\"breakdance-form-field breakdance-form-field--date\" >\n    \n    \n            <label class=\"breakdance-form-field__label\" for=\"cdejmn\">\n            Kuup\u00e4ev\n        <\/label>\n    \n    <input\n    class=\"breakdance-form-field__input\"\n    id=\"cdejmn\"\n    aria-describedby=\"cdejmn\"\n    type=\"date\"\n    name=\"fields[cdejmn]\"\n    placeholder=\"\"\n    value=\"\"\n                \n        \n        \n    \n    \n    \n>\n\n\n    \n    \n<\/div>\n\n\n<div class=\"breakdance-form-field breakdance-form-field--time\" >\n    \n    \n            <label class=\"breakdance-form-field__label\" for=\"hehpty\">\n            Alguse kellaaeg\n        <\/label>\n    \n    <input\n    class=\"breakdance-form-field__input\"\n    id=\"hehpty\"\n    aria-describedby=\"hehpty\"\n    type=\"time\"\n    name=\"fields[hehpty]\"\n    placeholder=\"\"\n    value=\"\"\n                \n        \n        \n    \n    \n    \n>\n\n\n    \n    \n<\/div>\n\n\n<div class=\"breakdance-form-field breakdance-form-field--time\" >\n    \n    \n            <label class=\"breakdance-form-field__label\" for=\"rpkoso\">\n            L\u00f5pu  kellaaeg\n        <\/label>\n    \n    <input\n    class=\"breakdance-form-field__input\"\n    id=\"rpkoso\"\n    aria-describedby=\"rpkoso\"\n    type=\"time\"\n    name=\"fields[rpkoso]\"\n    placeholder=\"\"\n    value=\"\"\n                \n        \n        \n    \n    \n    \n>\n\n\n    \n    \n<\/div>\n\n\n<div class=\"breakdance-form-field breakdance-form-field--text\" >\n    \n    \n            <label class=\"breakdance-form-field__label\" for=\"wexwok\">\n            Vastutava isiku nimi\n        <\/label>\n    \n    <input\n    class=\"breakdance-form-field__input\"\n    id=\"wexwok\"\n    aria-describedby=\"wexwok\"\n    type=\"text\"\n    name=\"fields[wexwok]\"\n    placeholder=\"Vastutava isiku nimi\"\n    value=\"\"\n                \n        \n        \n    \n    \n    \n>\n\n\n    \n    \n<\/div>\n\n\n<div class=\"breakdance-form-field breakdance-form-field--text\" >\n    \n    \n            <label class=\"breakdance-form-field__label\" for=\"ldemdf\">\n            Vastutatav isiku telefoninumber\n        <\/label>\n    \n    <input\n    class=\"breakdance-form-field__input\"\n    id=\"ldemdf\"\n    aria-describedby=\"ldemdf\"\n    type=\"text\"\n    name=\"fields[ldemdf]\"\n    placeholder=\"Vastutatav isiku telefoninumber\"\n    value=\"\"\n                \n        \n        \n    \n    \n    \n>\n\n\n    \n    \n<\/div>\n\n\n<div class=\"breakdance-form-field breakdance-form-field--text\" >\n    \n    \n            <label class=\"breakdance-form-field__label\" for=\"bwsuie\">\n            Toitlustaja ja tema kontaktandmed\n        <\/label>\n    \n    <input\n    class=\"breakdance-form-field__input\"\n    id=\"bwsuie\"\n    aria-describedby=\"bwsuie\"\n    type=\"text\"\n    name=\"fields[bwsuie]\"\n    placeholder=\"Toitlustaja ja tema kontaktandmed\"\n    value=\"\"\n                \n        \n        \n    \n    \n    \n>\n\n\n    \n    \n<\/div>\n\n\n<div class=\"breakdance-form-field breakdance-form-field--text\" >\n    \n    \n            <label class=\"breakdance-form-field__label\" for=\"aikkbl\">\n            S\u00f5iduki number\n        <\/label>\n    \n    <input\n    class=\"breakdance-form-field__input\"\n    id=\"aikkbl\"\n    aria-describedby=\"aikkbl\"\n    type=\"text\"\n    name=\"fields[aikkbl]\"\n    placeholder=\"Kui vajate sisses\u00f5idu luba. 10:00-06:00 on vajalik autoluba Vanalinna sisses\u00f5iduks. Vajalik inventari transpordiks.\"\n    value=\"\"\n                \n        \n        \n    \n    \n    \n>\n\n\n    \n    \n<\/div>\n\n\n<div class=\"breakdance-form-field breakdance-form-field--checkbox\" >\n    \n    \n    \n    <fieldset role=\"group\"\n    aria-label=\"Premices for rent\"\n    >\n       <legend class=\"breakdance-form-field__label\">Premices for rent<\/legend>\n          <div class=\"breakdance-form-checkbox\">\n          <input\n              type=\"checkbox\"\n              name=\"fields[bannln][]\"\n              value=\"Teatri- ja kontserdisaal\"\n              id=\"bannln-1\"\n              \n                        >\n          <label class=\"breakdance-form-checkbox__text\" for=\"bannln-1\">Large Conference and Concert Hall<\/label>\n      <\/div>\n        <div class=\"breakdance-form-checkbox\">\n          <input\n              type=\"checkbox\"\n              name=\"fields[bannln][]\"\n              value=\"Kaminasaal\"\n              id=\"bannln-2\"\n              \n                        >\n          <label class=\"breakdance-form-checkbox__text\" for=\"bannln-2\">Fireplace Room<\/label>\n      <\/div>\n        <div class=\"breakdance-form-checkbox\">\n          <input\n              type=\"checkbox\"\n              name=\"fields[bannln][]\"\n              value=\"Salvetuba\"\n              id=\"bannln-3\"\n              \n                        >\n          <label class=\"breakdance-form-checkbox__text\" for=\"bannln-3\">Historic Storage Room<\/label>\n      <\/div>\n        <div class=\"breakdance-form-checkbox\">\n          <input\n              type=\"checkbox\"\n              name=\"fields[bannln][]\"\n              value=\"Diele\"\n              id=\"bannln-4\"\n              \n                        >\n          <label class=\"breakdance-form-checkbox__text\" for=\"bannln-4\">Diele<\/label>\n      <\/div>\n        <div class=\"breakdance-form-checkbox\">\n          <input\n              type=\"checkbox\"\n              name=\"fields[bannln][]\"\n              value=\"D\u00f6rnse\"\n              id=\"bannln-5\"\n              \n                        >\n          <label class=\"breakdance-form-checkbox__text\" for=\"bannln-5\">D\u00f6rnse<\/label>\n      <\/div>\n        <div class=\"breakdance-form-checkbox\">\n          <input\n              type=\"checkbox\"\n              name=\"fields[bannln][]\"\n              value=\"Hoovimaja\"\n              id=\"bannln-6\"\n              \n                        >\n          <label class=\"breakdance-form-checkbox__text\" for=\"bannln-6\">Hoovimaja<\/label>\n      <\/div>\n        <div class=\"breakdance-form-checkbox\">\n          <input\n              type=\"checkbox\"\n              name=\"fields[bannln][]\"\n              value=\"Sisehoov\"\n              id=\"bannln-7\"\n              \n                        >\n          <label class=\"breakdance-form-checkbox__text\" for=\"bannln-7\">Courtyard<\/label>\n      <\/div>\n        <div class=\"breakdance-form-checkbox\">\n          <input\n              type=\"checkbox\"\n              name=\"fields[bannln][]\"\n              value=\"Katariina kirik\"\n              id=\"bannln-8\"\n              \n                        >\n          <label class=\"breakdance-form-checkbox__text\" for=\"bannln-8\">St. Catherine's Church<\/label>\n      <\/div>\n  <\/fieldset>\n\n\n\n    \n    \n<\/div>\n\n\n<div class=\"breakdance-form-field breakdance-form-field--checkbox\" >\n    \n    \n    \n    <fieldset role=\"group\"\n    aria-label=\"Inventari rent \"\n    >\n       <legend class=\"breakdance-form-field__label\">Inventari rent <\/legend>\n          <div class=\"breakdance-form-checkbox\">\n          <input\n              type=\"checkbox\"\n              name=\"fields[owmcnb][]\"\n              value=\"Dataprojektor\"\n              id=\"owmcnb-1\"\n              \n                        >\n          <label class=\"breakdance-form-checkbox__text\" for=\"owmcnb-1\">Dataprojektor<\/label>\n      <\/div>\n        <div class=\"breakdance-form-checkbox\">\n          <input\n              type=\"checkbox\"\n              name=\"fields[owmcnb][]\"\n              value=\"Helipult\"\n              id=\"owmcnb-2\"\n              \n                        >\n          <label class=\"breakdance-form-checkbox__text\" for=\"owmcnb-2\">Helipult<\/label>\n      <\/div>\n        <div class=\"breakdance-form-checkbox\">\n          <input\n              type=\"checkbox\"\n              name=\"fields[owmcnb][]\"\n              value=\"Juhtmevaba mikrofon\"\n              id=\"owmcnb-3\"\n              \n                        >\n          <label class=\"breakdance-form-checkbox__text\" for=\"owmcnb-3\">Juhtmevaba mikrofon<\/label>\n      <\/div>\n        <div class=\"breakdance-form-checkbox\">\n          <input\n              type=\"checkbox\"\n              name=\"fields[owmcnb][]\"\n              value=\"K\u00f5nepult\"\n              id=\"owmcnb-4\"\n              \n                        >\n          <label class=\"breakdance-form-checkbox__text\" for=\"owmcnb-4\">K\u00f5nepult<\/label>\n      <\/div>\n        <div class=\"breakdance-form-checkbox\">\n          <input\n              type=\"checkbox\"\n              name=\"fields[owmcnb][]\"\n              value=\"BlueRay DVD m\u00e4ngija\"\n              id=\"owmcnb-5\"\n              \n                        >\n          <label class=\"breakdance-form-checkbox__text\" for=\"owmcnb-5\">BlueRay DVD m\u00e4ngija<\/label>\n      <\/div>\n        <div class=\"breakdance-form-checkbox\">\n          <input\n              type=\"checkbox\"\n              name=\"fields[owmcnb][]\"\n              value=\"Statiivekraan\"\n              id=\"owmcnb-6\"\n              \n                        >\n          <label class=\"breakdance-form-checkbox__text\" for=\"owmcnb-6\">Statiivekraan<\/label>\n      <\/div>\n        <div class=\"breakdance-form-checkbox\">\n          <input\n              type=\"checkbox\"\n              name=\"fields[owmcnb][]\"\n              value=\"K\u00f5larid (100W aktiiv 8)\"\n              id=\"owmcnb-7\"\n              \n                        >\n          <label class=\"breakdance-form-checkbox__text\" for=\"owmcnb-7\">K\u00f5larid (100W aktiiv 8)<\/label>\n      <\/div>\n        <div class=\"breakdance-form-checkbox\">\n          <input\n              type=\"checkbox\"\n              name=\"fields[owmcnb][]\"\n              value=\"Mikrofoni statiiv\"\n              id=\"owmcnb-8\"\n              \n                        >\n          <label class=\"breakdance-form-checkbox__text\" for=\"owmcnb-8\">Mikrofoni statiiv<\/label>\n      <\/div>\n        <div class=\"breakdance-form-checkbox\">\n          <input\n              type=\"checkbox\"\n              name=\"fields[owmcnb][]\"\n              value=\"S\u00fclearvuti\"\n              id=\"owmcnb-9\"\n              \n                        >\n          <label class=\"breakdance-form-checkbox__text\" for=\"owmcnb-9\">S\u00fclearvuti<\/label>\n      <\/div>\n        <div class=\"breakdance-form-checkbox\">\n          <input\n              type=\"checkbox\"\n              name=\"fields[owmcnb][]\"\n              value=\"\u00dcmarlaud\"\n              id=\"owmcnb-10\"\n              \n                        >\n          <label class=\"breakdance-form-checkbox__text\" for=\"owmcnb-10\">\u00dcmarlaud<\/label>\n      <\/div>\n        <div class=\"breakdance-form-checkbox\">\n          <input\n              type=\"checkbox\"\n              name=\"fields[owmcnb][]\"\n              value=\"Raamekraan\"\n              id=\"owmcnb-11\"\n              \n                        >\n          <label class=\"breakdance-form-checkbox__text\" for=\"owmcnb-11\">Raamekraan<\/label>\n      <\/div>\n        <div class=\"breakdance-form-checkbox\">\n          <input\n              type=\"checkbox\"\n              name=\"fields[owmcnb][]\"\n              value=\"Mikrofon\"\n              id=\"owmcnb-12\"\n              \n                        >\n          <label class=\"breakdance-form-checkbox__text\" for=\"owmcnb-12\">Mikrofon<\/label>\n      <\/div>\n        <div class=\"breakdance-form-checkbox\">\n          <input\n              type=\"checkbox\"\n              name=\"fields[owmcnb][]\"\n              value=\"CD m\u00e4ngija\"\n              id=\"owmcnb-13\"\n              \n                        >\n          <label class=\"breakdance-form-checkbox__text\" for=\"owmcnb-13\">CD m\u00e4ngija<\/label>\n      <\/div>\n        <div class=\"breakdance-form-checkbox\">\n          <input\n              type=\"checkbox\"\n              name=\"fields[owmcnb][]\"\n              value=\"Pabertahvel\"\n              id=\"owmcnb-14\"\n              \n                        >\n          <label class=\"breakdance-form-checkbox__text\" for=\"owmcnb-14\">Pabertahvel<\/label>\n      <\/div>\n  <\/fieldset>\n\n\n\n    \n    \n<\/div>\n\n\n<div class=\"breakdance-form-field breakdance-form-field--textarea\" >\n    \n    \n            <label class=\"breakdance-form-field__label\" for=\"asilyb\">\n            Vajalikud lisaruumid\n        <\/label>\n    \n    <textarea\n    class=\"breakdance-form-field__input\"\n    id=\"asilyb\"\n    aria-describedby=\"asilyb\"\n    type=\"textarea\"\n    name=\"fields[asilyb]\"\n        placeholder=\"Vajalikud lisaruumid\"\n    \n    >\n<\/textarea>\n\n\n    \n    \n<\/div>\n\n\n<div class=\"breakdance-form-field breakdance-form-field--textarea\" >\n    \n    \n            <label class=\"breakdance-form-field__label\" for=\"vcprnh\">\n            M\u00e4rkused\n        <\/label>\n    \n    <textarea\n    class=\"breakdance-form-field__input\"\n    id=\"vcprnh\"\n    aria-describedby=\"vcprnh\"\n    type=\"textarea\"\n    name=\"fields[vcprnh]\"\n        placeholder=\"Lisam\u00e4rkused\"\n    \n    >\n<\/textarea>\n\n\n    \n    \n<\/div>\n\n\n  \n\n<div class=\"breakdance-form-field breakdance-form-footer\">\n    \n    \n                                    \n    \n    \n    \n    \n            \n            <button type=\"submit\" class=\"button-atom button-atom--primary breakdance-form-button breakdance-form-button__submit\"  >\n    \n        <span class=\"button-atom__text\">Saada<\/span>\n\n        \n        \n            <\/button>\n    \n    <input type=\"hidden\" name=\"form_id\" value=\"113\">\n    <input type=\"hidden\" name=\"post_id\" value=\"37\">\n<\/div>\n\n  \n<input type=\"hidden\" name=\"trp-form-language\" value=\"en\"\/><\/form>\n\n\n\n<\/div>\n<\/div><\/div>\n<\/section><\/div>","protected":false},"excerpt":{"rendered":"<p>Broneerimine Korraldaja ID Aadress Allkirjastaja Allkirjastaja amet Kontaktisiku nimi Kontaktisiku telefon Kontaktisiku e-post S\u00fcndmuse nimetus S\u00fcndmuse l\u00fchikirjeldus Pileti hind Kuup\u00e4ev Alguse kellaaeg L\u00f5pu kellaaeg Vastutava isiku nimi Vastutatav isiku telefoninumber [&hellip;]<\/p>","protected":false},"author":2,"featured_media":0,"parent":0,"menu_order":0,"comment_status":"closed","ping_status":"closed","template":"","meta":{"_acf_changed":false,"footnotes":"","_breakdance_hide_in_design_set":false,"_breakdance_tags":""},"acf":[],"_links":{"self":[{"href":"https:\/\/hopnerimaja.eu\/en\/wp-json\/wp\/v2\/pages\/37"}],"collection":[{"href":"https:\/\/hopnerimaja.eu\/en\/wp-json\/wp\/v2\/pages"}],"about":[{"href":"https:\/\/hopnerimaja.eu\/en\/wp-json\/wp\/v2\/types\/page"}],"author":[{"embeddable":true,"href":"https:\/\/hopnerimaja.eu\/en\/wp-json\/wp\/v2\/users\/2"}],"replies":[{"embeddable":true,"href":"https:\/\/hopnerimaja.eu\/en\/wp-json\/wp\/v2\/comments?post=37"}],"version-history":[{"count":47,"href":"https:\/\/hopnerimaja.eu\/en\/wp-json\/wp\/v2\/pages\/37\/revisions"}],"predecessor-version":[{"id":1467,"href":"https:\/\/hopnerimaja.eu\/en\/wp-json\/wp\/v2\/pages\/37\/revisions\/1467"}],"wp:attachment":[{"href":"https:\/\/hopnerimaja.eu\/en\/wp-json\/wp\/v2\/media?parent=37"}],"curies":[{"name":"wp","href":"https:\/\/api.w.org\/{rel}","templated":true}]}}