{"id":35,"date":"2023-11-08T17:09:20","date_gmt":"2023-11-08T17:09:20","guid":{"rendered":"https:\/\/hopnerimaja.eu\/?page_id=35"},"modified":"2024-02-12T11:37:46","modified_gmt":"2024-02-12T09:37:46","slug":"kodukord","status":"publish","type":"page","link":"https:\/\/hopnerimaja.eu\/en\/kodukord\/","title":{"rendered":"Rules of conduct"},"content":{"rendered":"<div class='breakdance'><div class=\"bde-globalblock-35-100 bde-globalblock\">\n<div class='breakdance'><section class=\"bde-section-503-100 bde-section\">\n              \n  \n\t\n\n  <div class=\"section-background-overlay\"><\/div>\n\n\n<div class=\"section-container\"><h1 class=\"bde-heading-503-101 bde-heading\">\nRules of conduct\n<\/h1><\/div>\n<\/section><\/div>\n<\/div><section class=\"bde-section-35-101 bde-section\">\n  \n\t\n\n\n\n<div class=\"section-container\"><div class=\"bde-rich-text-35-102 bde-rich-text breakdance-rich-text-styles\">\n<p><strong>Ruumide kasutaja kohustub:<\/strong><\/p><ul><li>kasutama Hopneri Maja ruume heaperemehelikult, vastavalt nende sihtotstarbele ning s\u00fcndmuse eesm\u00e4rgile, hoidma ruume, samuti \u00fcldkasutatavaid ruume ja nendes olevat sisustust korras ja puhtana;<\/li><li>tagama ruumides oleva vara s\u00e4ilimise;<\/li><li>tagama, et ruumides ei suitsetata ega kasutata narkootilisi ja ps\u00fchhotroopseid aineid; \u00fcritustel teenindav catering kohustub paigaldama tuhatoosid v\u00e4lisukse juurde v\u00f5i kokkuleppel Hopneri Maja sisehoovi;<\/li><li>teavitama esimesel v\u00f5imalusel Hopneri Maja s\u00fcndmuse kokkulepitud punktides toimunud muudatustest (nt vahetuvad esinejad, toitlustaja, kellaajad, k\u00fclaliste arv jne) e-posti aadressil <a href=\"mailto:info@hopnerimaja.eu\">info@hopnerimaja.eu<\/a>;<\/li><li>leppima enne \u00fcritust kokku lisaruumide kasutamise;<\/li><li>vabastama ruumid lepingus kokkulepitud ajal ja tagastama need samas seisukorras, milles nad olid \u00fcleandmisel;<\/li><\/ul><p>S\u00fcndmus loetakse l\u00f5ppenuks, kui k\u00f5ik s\u00fcndmusel osalenud isikud (v\u00e4lja arvatud Hopneri Maja t\u00f6\u00f6tajad) on ruumidest lahkunud. \u00dcletatud aja tasu arvestatakse t\u00e4istundides vastavalt s\u00f5lmitud lepingule v\u00f5i kehtivale hinnakirjale.<\/p><p><strong>Ruumide kasutajal on \u00f5igus:<\/strong><\/p><ul><li>kasutada s\u00fcndmuse l\u00e4biviimisel kaasa toodud tehnikat ja muud inventari koosk\u00f5lastatult Hopneri Majaga;<\/li><li>kasutada s\u00fcndmuse teenindamiseks enda poolt tellitud firmade teenuseid (catering, heli- ja valgustehnika jms) sellest eelnevalt Hopneri Maja informeerides.<\/li><\/ul><p><strong>Majas ei ole lubatud eelnevalt kokkuleppimata:<\/strong><\/p><ul><li>t\u00f5sta \u00fcmber m\u00f6\u00f6blit ja kujunduselemente;<\/li><li>kasutada elavat tuld saalide ja majaesise dekoreerimisel (v.a spetsiaalsed k\u00fc\u00fcnlad laudadel);<\/li><li>kasutada ilma p\u00f5randakaitsmeteta m\u00f6\u00f6blit ja transpordivahendeid ning teipi, mis rikuvad saalide p\u00f5randaid ja\/v\u00f5i muud inventari. Juhtmete katmisel palume teibi asemel kasutada selleks spetsiaalsest etten\u00e4htud matte;<\/li><\/ul><p><strong>Hopneri Maja administraatoril\/projektijuhil on \u00f5igus sissetoodavat inventari kontrollida ja vajadusel keelata selle kasutamist.<\/strong><\/p><p>P\u00e4rast s\u00fcndmuse l\u00f5ppu vaatavad Hopneri Maja administraator v\u00f5i s\u00fcndmuse vastutav isik toimumise koha \u00fcle, et veenduda selle korrasolekus.<\/p>\n<\/div><\/div>\n<\/section><\/div>","protected":false},"excerpt":{"rendered":"<p>Kodukord Ruumide kasutaja kohustub:kasutama Hopneri Maja ruume heaperemehelikult, vastavalt nende sihtotstarbele ning s\u00fcndmuse eesm\u00e4rgile, hoidma ruume, samuti \u00fcldkasutatavaid ruume ja nendes olevat sisustust korras ja puhtana;tagama ruumides oleva vara s\u00e4ilimise;tagama, [&hellip;]<\/p>","protected":false},"author":2,"featured_media":0,"parent":0,"menu_order":0,"comment_status":"closed","ping_status":"closed","template":"","meta":{"_acf_changed":false,"footnotes":"","_breakdance_hide_in_design_set":false,"_breakdance_tags":""},"acf":[],"_links":{"self":[{"href":"https:\/\/hopnerimaja.eu\/en\/wp-json\/wp\/v2\/pages\/35"}],"collection":[{"href":"https:\/\/hopnerimaja.eu\/en\/wp-json\/wp\/v2\/pages"}],"about":[{"href":"https:\/\/hopnerimaja.eu\/en\/wp-json\/wp\/v2\/types\/page"}],"author":[{"embeddable":true,"href":"https:\/\/hopnerimaja.eu\/en\/wp-json\/wp\/v2\/users\/2"}],"replies":[{"embeddable":true,"href":"https:\/\/hopnerimaja.eu\/en\/wp-json\/wp\/v2\/comments?post=35"}],"version-history":[{"count":4,"href":"https:\/\/hopnerimaja.eu\/en\/wp-json\/wp\/v2\/pages\/35\/revisions"}],"predecessor-version":[{"id":1461,"href":"https:\/\/hopnerimaja.eu\/en\/wp-json\/wp\/v2\/pages\/35\/revisions\/1461"}],"wp:attachment":[{"href":"https:\/\/hopnerimaja.eu\/en\/wp-json\/wp\/v2\/media?parent=35"}],"curies":[{"name":"wp","href":"https:\/\/api.w.org\/{rel}","templated":true}]}}