{"id":33,"date":"2023-11-08T17:09:14","date_gmt":"2023-11-08T17:09:14","guid":{"rendered":"https:\/\/hopnerimaja.eu\/?page_id=33"},"modified":"2025-12-15T16:08:05","modified_gmt":"2025-12-15T14:08:05","slug":"hinnakiri","status":"publish","type":"page","link":"https:\/\/hopnerimaja.eu\/en\/hinnakiri\/","title":{"rendered":"Pricelist"},"content":{"rendered":"<div class='breakdance'><div class=\"bde-globalblock-33-108 bde-globalblock\">\n<div class='breakdance'><section class=\"bde-section-503-100 bde-section\">\n              \n  \n\t\n\n  <div class=\"section-background-overlay\"><\/div>\n\n\n<div class=\"section-container\"><h1 class=\"bde-heading-503-101 bde-heading\">\nPricelist\n<\/h1><\/div>\n<\/section><\/div>\n<\/div><section class=\"bde-section-33-100 bde-section\">\n  \n\t\n\n\n\n<div class=\"section-container\"><div class=\"bde-shortcode-33-101 bde-shortcode\">\n\n<table id=\"tablepress-1\" class=\"tablepress tablepress-id-1\">\n<thead>\n<tr class=\"row-1 odd\">\n\t<th class=\"column-1\">Room rental<\/th><th class=\"column-2\">9AM to 6PM<\/th><th class=\"column-3\">6PM to 11PM and on weekends<\/th>\n<\/tr>\n<\/thead>\n<tbody class=\"row-hover\">\n<tr class=\"row-2 even\">\n\t<td class=\"column-1\">Large Conference and Concert Hall<\/td><td class=\"column-2\">110.00\u20ac\/hour<\/td><td class=\"column-3\">145.00 \u20ac\/hour<\/td>\n<\/tr>\n<tr class=\"row-3 odd\">\n\t<td class=\"column-1\">Large hall concert package (5 hours)<\/td><td class=\"column-2\">370.00 \u20ac\/per event<\/td><td class=\"column-3\">370.00 \u20ac\/per event<br \/>\n<\/td>\n<\/tr>\n<tr class=\"row-4 even\">\n\t<td class=\"column-1\">Large hall day package <\/td><td class=\"column-2\">700\u20ac per day<\/td><td class=\"column-3\">700\u20ac per day<br \/>\n<\/td>\n<\/tr>\n<tr class=\"row-5 odd\">\n\t<td class=\"column-1\">Large Hall cafe corner<\/td><td class=\"column-2\">50\u20ac per occasion<\/td><td class=\"column-3\">50\u20ac per occasion<\/td>\n<\/tr>\n<tr class=\"row-6 even\">\n\t<td class=\"column-1\">Hall layout changes (podium installation, banquet tables etc)<\/td><td class=\"column-2\">50.00\u20ac\/per event<\/td><td class=\"column-3\">50.00\u20ac\/per event<\/td>\n<\/tr>\n<tr class=\"row-7 odd\">\n\t<td class=\"column-1\">Fireplace Room<\/td><td class=\"column-2\">65.00 \u20ac\/hour<\/td><td class=\"column-3\">95.00 \u20ac\/hour<\/td>\n<\/tr>\n<tr class=\"row-8 even\">\n\t<td class=\"column-1\">Historic Storage Room<\/td><td class=\"column-2\">45.00 \u20ac\/hour<\/td><td class=\"column-3\">45.00 \u20ac\/hour<\/td>\n<\/tr>\n<tr class=\"row-9 odd\">\n\t<td class=\"column-1\">Diele<\/td><td class=\"column-2\">110.00\u20ac\/hour<\/td><td class=\"column-3\">145.00 \u20ac\/hour<br \/>\n<\/td>\n<\/tr>\n<tr class=\"row-10 even\">\n\t<td class=\"column-1\">D\u00f6rnse<\/td><td class=\"column-2\">65.00 \u20ac\/hour\t<\/td><td class=\"column-3\">95.00 \u20ac\/hour<br \/>\n<\/td>\n<\/tr>\n<tr class=\"row-11 odd\">\n\t<td class=\"column-1\">Diele and D\u00f6rnse 5h concert package (9AM to 11PM \/ weekdays and weekends)<\/td><td class=\"column-2\">370.00 \u20ac\/per event\t<\/td><td class=\"column-3\">430.00 \u20ac\/per event<br \/>\n<\/td>\n<\/tr>\n<tr class=\"row-12 even\">\n\t<td class=\"column-1\">Diele and D\u00f6rnse for duration of perfomances<\/td><td class=\"column-2\">700\u20ac per day<\/td><td class=\"column-3\">700\u20ac per day<\/td>\n<\/tr>\n<tr class=\"row-13 odd\">\n\t<td class=\"column-1\">Diele and D\u00f6rnse for rehearsals <\/td><td class=\"column-2\">400.00 \u20ac\/day<\/td><td class=\"column-3\">400.00 \u20ac\/day<br \/>\n<\/td>\n<\/tr>\n<tr class=\"row-14 even\">\n\t<td class=\"column-1\">Diele and D\u00f6rnse for exhibitions<\/td><td class=\"column-2\">125.00 \u20ac\/day<\/td><td class=\"column-3\">125.00 \u20ac\/day<\/td>\n<\/tr>\n<tr class=\"row-15 odd\">\n\t<td class=\"column-1\">Diele and D\u00f6rnse for filming<\/td><td class=\"column-2\">195.00 \u20ac\/hour\t<\/td><td class=\"column-3\">195.00 \u20ac\/hour<br \/>\n<\/td>\n<\/tr>\n<tr class=\"row-16 even\">\n\t<td class=\"column-1\">Drawing Room<\/td><td class=\"column-2\">37.00 \u20ac\/hour<\/td><td class=\"column-3\">37.00 \u20ac\/hour<\/td>\n<\/tr>\n<tr class=\"row-17 odd\">\n\t<td class=\"column-1\">Courtyard for summer events 9AM to 11PM and Sat, Sun<\/td><td class=\"column-2\">37\u20ac per hour<\/td><td class=\"column-3\">37\u20ac per hour<br \/>\n<\/td>\n<\/tr>\n<tr class=\"row-18 even\">\n\t<td class=\"column-1\">Courtyard house<\/td><td class=\"column-2\">Rented out<\/td><td class=\"column-3\">Rented out<\/td>\n<\/tr>\n<tr class=\"row-19 odd\">\n\t<td class=\"column-1\">Courtyard house, month<\/td><td class=\"column-2\">Rented out<\/td><td class=\"column-3\">Rented out<\/td>\n<\/tr>\n<tr class=\"row-20 even\">\n\t<td class=\"column-1\">Art attic (3 rooms), month<\/td><td class=\"column-2\">Rented out<\/td><td class=\"column-3\">Rented out<\/td>\n<\/tr>\n<tr class=\"row-21 odd\">\n\t<td class=\"column-1\">Art attic (1 room), month<\/td><td class=\"column-2\">Rented out<\/td><td class=\"column-3\">Rented out<\/td>\n<\/tr>\n<tr class=\"row-22 even\">\n\t<td class=\"column-1\">Art attic (1 room), day<\/td><td class=\"column-2\">Rented out<\/td><td class=\"column-3\">Rented out<\/td>\n<\/tr>\n<\/tbody>\n<\/table>\n<!-- #tablepress-1 from cache -->\n<\/div><div class=\"bde-shortcode-33-110 bde-shortcode\">\n\n<table id=\"tablepress-2\" class=\"tablepress tablepress-id-2\">\n<thead>\n<tr class=\"row-1 odd\">\n\t<th class=\"column-1\">Additional service<\/th><th class=\"column-2\">9AM to 6PM<\/th><th class=\"column-3\">6PM to 11PM and on weekends<\/th>\n<\/tr>\n<\/thead>\n<tbody class=\"row-hover\">\n<tr class=\"row-2 even\">\n\t<td class=\"column-1\">Sound system rental (speakers - 4, mixer, audio processor, iPad)<\/td><td class=\"column-2\">60.00 \u20ac\/per event<\/td><td class=\"column-3\">60.00 \u20ac\/per event<\/td>\n<\/tr>\n<tr class=\"row-3 odd\">\n\t<td class=\"column-1\">Lighting console and spotlights rental<\/td><td class=\"column-2\">37.00 \u20ac\/per event<\/td><td class=\"column-3\">37.00 \u20ac\/per event<\/td>\n<\/tr>\n<\/tbody>\n<\/table>\n<!-- #tablepress-2 from cache -->\n<\/div><div class=\"bde-text-33-111 bde-text\">\nThe prices include VAT<br><br>\u00dc\u00fcritasu hulka kuulub lisaks \u00fcrituse toimumise ajale ka kuni 0,5 tundi enne \u00fcrituse algust ruumide ettevalmistamiseks ning kuni 0,5 tundi p\u00e4rast \u00fcrituse l\u00f5ppu ruumide korrastamiseks ja \u00fcleandmiseks, mida loetakse rendiperioodi osaks ning mille eest eraldi tasu ei arvestata.\n<\/div><div class=\"bde-rich-text-33-109 bde-rich-text breakdance-rich-text-styles\">\n<p><strong><br \/>NB! For equipment rental, please contact us.\u00a0<\/strong><\/p>\n<\/div><\/div>\n<\/section><\/div>","protected":false},"excerpt":{"rendered":"<p>Hinnakiri Ruumide \u00fc\u00fcrimineKell 9.00-18.00Kell 18.00-23.00 ja n\u00e4dalavahetustel Kontserdi- ja teatrisaal e. suur saal110.00 \u20ac\/tund145.00 \u20ac\/tund Suure saali kontserdi pakett 5h370.00 \u20ac\/kord370.00 \u20ac\/kord Suure saali p\u00e4evapakett 700.00 \u20ac\/kord700.00 \u20ac\/kord Suure saali [&hellip;]<\/p>","protected":false},"author":2,"featured_media":0,"parent":0,"menu_order":0,"comment_status":"closed","ping_status":"closed","template":"","meta":{"_acf_changed":false,"footnotes":"","_breakdance_hide_in_design_set":false,"_breakdance_tags":""},"acf":[],"_links":{"self":[{"href":"https:\/\/hopnerimaja.eu\/en\/wp-json\/wp\/v2\/pages\/33"}],"collection":[{"href":"https:\/\/hopnerimaja.eu\/en\/wp-json\/wp\/v2\/pages"}],"about":[{"href":"https:\/\/hopnerimaja.eu\/en\/wp-json\/wp\/v2\/types\/page"}],"author":[{"embeddable":true,"href":"https:\/\/hopnerimaja.eu\/en\/wp-json\/wp\/v2\/users\/2"}],"replies":[{"embeddable":true,"href":"https:\/\/hopnerimaja.eu\/en\/wp-json\/wp\/v2\/comments?post=33"}],"version-history":[{"count":13,"href":"https:\/\/hopnerimaja.eu\/en\/wp-json\/wp\/v2\/pages\/33\/revisions"}],"predecessor-version":[{"id":3533,"href":"https:\/\/hopnerimaja.eu\/en\/wp-json\/wp\/v2\/pages\/33\/revisions\/3533"}],"wp:attachment":[{"href":"https:\/\/hopnerimaja.eu\/en\/wp-json\/wp\/v2\/media?parent=33"}],"curies":[{"name":"wp","href":"https:\/\/api.w.org\/{rel}","templated":true}]}}