{"id":20,"date":"2023-11-08T17:04:09","date_gmt":"2023-11-08T17:04:09","guid":{"rendered":"https:\/\/hopnerimaja.eu\/?page_id=20"},"modified":"2026-03-09T11:50:31","modified_gmt":"2026-03-09T09:50:31","slug":"kuidas-tulla","status":"publish","type":"page","link":"https:\/\/hopnerimaja.eu\/en\/kuidas-tulla\/","title":{"rendered":"How to come here?"},"content":{"rendered":"<div class='breakdance'><div class=\"bde-globalblock-20-103 bde-globalblock\">\n<div class='breakdance'><section class=\"bde-section-503-100 bde-section\">\n              \n  \n\t\n\n  <div class=\"section-background-overlay\"><\/div>\n\n\n<div class=\"section-container\"><h1 class=\"bde-heading-503-101 bde-heading\">\nHow to come here?\n<\/h1><\/div>\n<\/section><\/div>\n<\/div><section class=\"bde-section-20-104 bde-section\">\n  \n\t\n\n\n\n<div class=\"section-container\"><div class=\"bde-rich-text-20-105 bde-rich-text breakdance-rich-text-styles\">\n<h3>Kuidas saan autoga Hopneri Majani\u00a0?<\/h3><div>\u00dcrituse korraldajana saad Sa \u00fcritust teenindavale s\u00f5idukile Hopneri Maja juurde p\u00e4\u00e4semiseks taotleda <strong>ajutise juurdep\u00e4\u00e4su loa<\/strong> vastavalt Tallinna Linnavalitsuse 13.06.2012 m\u00e4\u00e4rusele nr 28 <a href=\"https:\/\/www.riigiteataja.ee\/akt\/417062015028?leiaKehtiv\" target=\"_blank\" rel=\"noopener noreferrer nofollow\">Liikluskorraldus Tallinna vanalinnas<\/a><\/div><ul><li>Loa saad taotleda lehelt <a href=\"https:\/\/parkimine.tallinn.ee\/tallinn\/permits\/access-permit\" target=\"_blank\" rel=\"noopener noreferrer nofollow\">parkimine.tallinn.ee<\/a>,\u00a0hiljemalt <strong>2 t\u00f6\u00f6p\u00e4eva enne saabumist<\/strong>.<\/li><li>Luba annab \u00f5iguse <strong>peatuda kuni pool tundi<\/strong> <a href=\"https:\/\/www.google.com\/maps\/place\/Raekoja+plats+18,+10146+Tallinn\/@59.4370311,24.745898,17z\/data=!3m1!4b1!4m6!3m5!1s0x4692936219951b3b:0x18b9f4c75d19a349!8m2!3d59.4370311!4d24.745898!16s%2Fg%2F1q5gkwzq6?entry=ttu\" target=\"_blank\" rel=\"noopener noreferrer nofollow\">Raekoja plats 18<\/a>\/<a href=\"https:\/\/www.google.com\/maps\/place\/Vanaturu+kael+3,+10140+Tallinn\/@59.4369522,24.7460339,17z\/data=!3m1!4b1!4m6!3m5!1s0x469293621993e2dd:0xfef351cf3abccc8d!8m2!3d59.4369522!4d24.7460339!16s%2Fg%2F11c28ysg4k?entry=ttu\" target=\"_blank\" rel=\"noopener noreferrer nofollow\">Vanaturu kael 3<\/a> kinnistul kauba maha- ja pealelaadimiseks.<\/li><li>Luba <strong>ei anna<\/strong> s\u00f5idukile <strong>parkimis\u00f5igust<\/strong>!<\/li><li>Luba on digitaalne<\/li><li>Raekoja platsile p\u00e4\u00e4seb marsruutidel <strong>Nunne<\/strong>-<strong>Pikk<\/strong>-<strong>Kinga<\/strong>-<strong>Raekoja plats<\/strong> v\u00f5i <strong>Suur-Karja<\/strong>-<strong>Vanaturg<\/strong>-<strong>Vanaturu kael<\/strong><\/li><\/ul><p>\u00a0<\/p><h3>Kuhu\u00a0j\u00e4tta\u00a0auto?<\/h3><div>Autoga tulijate p\u00e4ralt on<strong>\u00a0tasulised parkimisalad<\/strong><\/div><ul><li><div><a href=\"https:\/\/www.parkimine.ee\/#parkimismaja-vabaduse-valjaku-parkimismaja=1166\" target=\"_blank\" rel=\"noopener noreferrer\">Vabaduse v\u00e4ljaku parkimismaja<\/a><\/div><\/li><li><a href=\"https:\/\/www.parkimine.ee\/#rannamae-tee-5-tsoon-p4=1251\" target=\"_blank\" rel=\"noopener noreferrer nofollow\">Rannam\u00e4e tee 5 tsoon P4<\/a><\/li><li><div><a href=\"https:\/\/www.tallinn.ee\/et\/liikuvus\/parkimine#Parkimine\" target=\"_blank\" rel=\"noopener noreferrer\">Tallinna vanalinn<\/a><\/div><\/li><li><div><a href=\"https:\/\/www.parkimine.ee\/#mere-pst-4-tsoon-p24=1234\" target=\"_blank\" rel=\"noopener noreferrer\">Mere pst 4 tsoon P24<\/a><\/div><\/li><li><div><a href=\"https:\/\/virukeskus.com\/parkimine-kesklinnas\" target=\"_blank\" rel=\"noopener noreferrer\">Viru keskuse parkimismaja<\/a><\/div><\/li><\/ul><div>Lisaks on l\u00e4heduses\u00a0<strong>Europark tasulised parkimisalad<\/strong><\/div><ul><li><div><a href=\"https:\/\/www.google.com\/maps?q=59.43931,24.751292\" target=\"_blank\" rel=\"noopener noreferrer\">Aia 18 \/ Kalev Spa (EP61)<\/a><\/div><\/li><li><div><a href=\"https:\/\/maps.app.goo.gl\/s12aWeRTn4fpKbPKA\" target=\"_blank\" rel=\"noopener noreferrer\">R\u00fc\u00fctli 3 (EP7)<\/a><\/div><\/li><li><div><a href=\"https:\/\/www.google.com\/maps?q=59.433248,24.751425\" target=\"_blank\" rel=\"noopener noreferrer\">Estonia pst 9, Solaris Parkimismaja<\/a><\/div><\/li><\/ul><h3>Kuidas\u00a0 tulla?<\/h3><div>L\u00e4hedal asuvad \u00fchistranspordi<strong>\u00a0<a href=\"https:\/\/transport.tallinn.ee\/index.html\" target=\"_blank\" rel=\"noopener noreferrer\">peatused<\/a><\/strong>:<\/div><ul><li><div><strong>Buss:\u00a0<\/strong>Vabaduse v\u00e4ljak, Viru, Mere pst, Linnahall, Balti jaam<\/div><\/li><li><div><strong>Tramm:\u00a0<\/strong>Vabaduse v\u00e4ljak, Viru, Mere pst, Linnahall, Balti jaam<\/div><\/li><\/ul><h3>Kuhu saan tellida takso?\u00a0<\/h3><ul><li><div><a href=\"https:\/\/www.google.com\/maps\/place\/Pikk+1,+10133+Tallinn\/data=!4m2!3m1!1s0x469293625dff14b1:0xe985f182eb004da6?sa=X&amp;ved=2ahUKEwiyhOzbtaWEAxXnFhAIHcO2Bu4Q8gF6BAgPEAA\" target=\"_blank\" rel=\"noopener noreferrer nofollow\">Pikk 1<\/a>\u00a0\u2013\u00a0<a href=\"https:\/\/www.google.com\/maps\/place\/Nunne+1,+10133+Tallinn\/data=!4m2!3m1!1s0x469293626057d9a3:0x20bb7e8197409a2f?sa=X&amp;ved=2ahUKEwjXhOnjtaWEAxX9JBAIHYPVCa0Q8gF6BAgPEAA\" target=\"_blank\" rel=\"noopener noreferrer nofollow\">Nunne 1<\/a>\u00a0\u2013\u00a0<a href=\"https:\/\/www.google.com\/maps\/place\/Rataskaevu+2,+10130+Tallinn\/data=!4m2!3m1!1s0x469293626145fa43:0x2aefef8c59c98ffd?sa=X&amp;ved=2ahUKEwjCgrLrtaWEAxXEi8MKHcjCACsQ8gF6BAgPEAA\" target=\"_blank\" rel=\"noopener noreferrer nofollow\">Rataskaevu 2<\/a> nurgale<\/div><\/li><li><div><a href=\"https:\/\/www.google.com\/maps\/place\/Lai+1,+10133+Tallinn\/@59.4383668,24.7407917,17z\/data=!3m1!4b1!4m6!3m5!1s0x469293625901c799:0x2d411fa998759a2e!8m2!3d59.4383668!4d24.7433666!16s%2Fg%2F11c2cn6rmh?entry=ttu\" target=\"_blank\" rel=\"noopener noreferrer nofollow\">Lai 1<\/a>, Eesti Noorsooteatri ette<\/div><\/li><li><div><a href=\"https:\/\/www.google.com\/maps\/place\/Viru+27a,+10148+Tallinn\/data=!4m2!3m1!1s0x46929361b192de17:0xd4aee6dba994d50b?sa=X&amp;ved=2ahUKEwjr6dr9taWEAxXzIxAIHfIbDEAQ8gF6BAgIEAA\" target=\"_blank\" rel=\"noopener noreferrer nofollow\">Viru t\u00e4nav 27A<\/a>, Viru t\u00e4nava algusesse<\/div><\/li><li><div><a href=\"https:\/\/www.google.com\/maps\/place\/Niguliste+2,+10146+Tallinn\/@59.4365051,24.7439064,17z\/data=!3m1!4b1!4m6!3m5!1s0x469293620b52cd57:0xf3ae77c2ef7950e8!8m2!3d59.4365051!4d24.7439064!16s%2Fg%2F11c5pk2hmv?entry=ttu\" target=\"_blank\" rel=\"noopener noreferrer nofollow\">Niguliste 2<\/a>\u00a0\u2013\u00a0<a href=\"https:\/\/www.google.com\/maps\/place\/Kullassepa+4,+10146+Tallinn\/@59.4365201,24.7418337,17z\/data=!3m1!4b1!4m6!3m5!1s0x469293620c69431f:0x8ad4f1efc53a5464!8m2!3d59.4365201!4d24.7444086!16s%2Fg%2F11csgmmrx6?entry=ttu\" target=\"_blank\" rel=\"noopener noreferrer nofollow\">Kullasepa 4<\/a> nurgale, Turismiinfo juurde<\/div><\/li><\/ul>\n<\/div><\/div>\n<\/section><\/div>","protected":false},"excerpt":{"rendered":"<p>Kuidas tulla? Kuidas saan autoga Hopneri Majani\u00a0?\u00dcrituse korraldajana saad Sa \u00fcritust teenindavale s\u00f5idukile Hopneri Maja juurde p\u00e4\u00e4semiseks taotleda ajutise juurdep\u00e4\u00e4su loa vastavalt Tallinna Linnavalitsuse 13.06.2012 m\u00e4\u00e4rusele nr 28 Liikluskorraldus Tallinna [&hellip;]<\/p>","protected":false},"author":2,"featured_media":0,"parent":0,"menu_order":0,"comment_status":"closed","ping_status":"closed","template":"","meta":{"_acf_changed":false,"footnotes":"","_breakdance_hide_in_design_set":false,"_breakdance_tags":""},"acf":[],"_links":{"self":[{"href":"https:\/\/hopnerimaja.eu\/en\/wp-json\/wp\/v2\/pages\/20"}],"collection":[{"href":"https:\/\/hopnerimaja.eu\/en\/wp-json\/wp\/v2\/pages"}],"about":[{"href":"https:\/\/hopnerimaja.eu\/en\/wp-json\/wp\/v2\/types\/page"}],"author":[{"embeddable":true,"href":"https:\/\/hopnerimaja.eu\/en\/wp-json\/wp\/v2\/users\/2"}],"replies":[{"embeddable":true,"href":"https:\/\/hopnerimaja.eu\/en\/wp-json\/wp\/v2\/comments?post=20"}],"version-history":[{"count":12,"href":"https:\/\/hopnerimaja.eu\/en\/wp-json\/wp\/v2\/pages\/20\/revisions"}],"predecessor-version":[{"id":3782,"href":"https:\/\/hopnerimaja.eu\/en\/wp-json\/wp\/v2\/pages\/20\/revisions\/3782"}],"wp:attachment":[{"href":"https:\/\/hopnerimaja.eu\/en\/wp-json\/wp\/v2\/media?parent=20"}],"curies":[{"name":"wp","href":"https:\/\/api.w.org\/{rel}","templated":true}]}}