{"id":1904,"date":"2024-03-11T12:24:16","date_gmt":"2024-03-11T10:24:16","guid":{"rendered":"https:\/\/hopnerimaja.eu\/?page_id=1904"},"modified":"2025-04-02T15:22:58","modified_gmt":"2025-04-02T12:22:58","slug":"keskaja-paevad","status":"publish","type":"page","link":"https:\/\/hopnerimaja.eu\/en\/keskaja-paevad\/","title":{"rendered":"Keskaja p\u00e4evad"},"content":{"rendered":"<div class='breakdance'><div class=\"bde-globalblock-1904-100 bde-globalblock\">\n<div class='breakdance'><section class=\"bde-section-503-100 bde-section\">\n              \n  \n\t\n\n  <div class=\"section-background-overlay\"><\/div>\n\n\n<div class=\"section-container\"><h1 class=\"bde-heading-503-101 bde-heading\">\nKeskaja p\u00e4evad\n<\/h1><\/div>\n<\/section><\/div>\n<\/div><section class=\"bde-section-1904-101 bde-section\">\n  \n\t\n\n\n\n<div class=\"section-container\"><div class=\"bde-image-1904-105 bde-image\">\n  \n\n\n\n\n\n<figure class=\"breakdance-image breakdance-image--2863\">\n\t<div class=\"breakdance-image-container\">\n\t\t<div class=\"breakdance-image-clip\">\n\t\t\t\n\t\t\t\t\n\t\t\t\t\t      \n  \n  \n  \n  \n      \n      <img loading=\"lazy\" decoding=\"async\"\n      class=\"breakdance-image-object\"\n      src=\"https:\/\/hopnerimaja.eu\/wp-content\/uploads\/2025\/04\/KP2025_1200x628FB_event-768x402.jpg\"\n      width=\"768\"\n      height=\"402\"\n      \n      \n                                    srcset=\"https:\/\/hopnerimaja.eu\/wp-content\/uploads\/2025\/04\/KP2025_1200x628FB_event-768x402.jpg 768w, https:\/\/hopnerimaja.eu\/wp-content\/uploads\/2025\/04\/KP2025_1200x628FB_event-300x157.jpg 300w, https:\/\/hopnerimaja.eu\/wp-content\/uploads\/2025\/04\/KP2025_1200x628FB_event-1024x536.jpg 1024w, https:\/\/hopnerimaja.eu\/wp-content\/uploads\/2025\/04\/KP2025_1200x628FB_event-18x9.jpg 18w, https:\/\/hopnerimaja.eu\/wp-content\/uploads\/2025\/04\/KP2025_1200x628FB_event.jpg 1200w\"\n                                                                      >\n  \n\n\t\t\t\t\t\n\t\t\t\t\t\t<\/div>\n\t<\/div>\n\n\t<\/figure>\n\n<\/div><div class=\"bde-rich-text-1904-103 bde-rich-text breakdance-rich-text-styles\">\n<h2><br \/>Keskaja P\u00e4evade<\/h2><p><strong>ajal v\u00f5ib Tallinnas kohata \u00f5itsva hansaaja h\u00f5ngu \u2013 <br \/>Raekoja platsil <\/strong> <strong>toimub keskaja turg kauplejate <br \/>ja meistrikodadega ning <\/strong> <strong>Niguliste m\u00e4elt leiate meistrite k\u00fcla <br \/>ning lasteala \u00f5pitubade, <\/strong> <strong>r\u00fc\u00fctlikooli ja palju muu p\u00f5nevaga.<\/strong><\/p><h4>Hopneri maja on Keskaja p\u00e4evade koost\u00f6\u00f6partner<br \/><br \/>Loe rohkem <a href=\"http:\/\/www.medievaldays.ee\" target=\"_blank\" rel=\"noopener noreferrer nofollow\">siit<\/a><\/h4><p><strong>Vaata ka meie<a href=\"https:\/\/hopnerimaja.eu\/en\/series\/keskaja-paevad-ad-2025\/\"> s\u00fcndmustekalendrisse!\u00a0<\/a><\/strong><\/p>\n<\/div><\/div>\n<\/section><\/div>","protected":false},"excerpt":{"rendered":"<p>Keskaja p\u00e4evad Keskaja P\u00e4evadeajal v\u00f5ib Tallinnas kohata \u00f5itsva hansaaja h\u00f5ngu \u2013 Raekoja platsil toimub keskaja turg kauplejate ja meistrikodadega ning Niguliste m\u00e4elt leiate meistrite k\u00fcla ning lasteala \u00f5pitubade, r\u00fc\u00fctlikooli ja [&hellip;]<\/p>","protected":false},"author":6,"featured_media":0,"parent":0,"menu_order":0,"comment_status":"closed","ping_status":"closed","template":"","meta":{"_acf_changed":false,"footnotes":"","_breakdance_hide_in_design_set":false,"_breakdance_tags":""},"acf":[],"_links":{"self":[{"href":"https:\/\/hopnerimaja.eu\/en\/wp-json\/wp\/v2\/pages\/1904"}],"collection":[{"href":"https:\/\/hopnerimaja.eu\/en\/wp-json\/wp\/v2\/pages"}],"about":[{"href":"https:\/\/hopnerimaja.eu\/en\/wp-json\/wp\/v2\/types\/page"}],"author":[{"embeddable":true,"href":"https:\/\/hopnerimaja.eu\/en\/wp-json\/wp\/v2\/users\/6"}],"replies":[{"embeddable":true,"href":"https:\/\/hopnerimaja.eu\/en\/wp-json\/wp\/v2\/comments?post=1904"}],"version-history":[{"count":6,"href":"https:\/\/hopnerimaja.eu\/en\/wp-json\/wp\/v2\/pages\/1904\/revisions"}],"predecessor-version":[{"id":2902,"href":"https:\/\/hopnerimaja.eu\/en\/wp-json\/wp\/v2\/pages\/1904\/revisions\/2902"}],"wp:attachment":[{"href":"https:\/\/hopnerimaja.eu\/en\/wp-json\/wp\/v2\/media?parent=1904"}],"curies":[{"name":"wp","href":"https:\/\/api.w.org\/{rel}","templated":true}]}}