{"id":1486,"date":"2024-02-12T14:11:38","date_gmt":"2024-02-12T12:11:38","guid":{"rendered":"https:\/\/hopnerimaja.eu\/?page_id=1486"},"modified":"2024-02-12T14:13:18","modified_gmt":"2024-02-12T12:13:18","slug":"kostuumilaenutus","status":"publish","type":"page","link":"https:\/\/hopnerimaja.eu\/en\/kostuumilaenutus\/","title":{"rendered":"Kost\u00fc\u00fcmilaenutus"},"content":{"rendered":"<div class='breakdance'><div class=\"bde-globalblock-1486-100 bde-globalblock\">\n<div class='breakdance'><section class=\"bde-section-503-100 bde-section\">\n              \n  \n\t\n\n  <div class=\"section-background-overlay\"><\/div>\n\n\n<div class=\"section-container\"><h1 class=\"bde-heading-503-101 bde-heading\">\nKost\u00fc\u00fcmilaenutus\n<\/h1><\/div>\n<\/section><\/div>\n<\/div><section class=\"bde-section-1486-101 bde-section\">\n  \n\t\n\n\n\n<div class=\"section-container\"><div class=\"bde-rich-text-1486-103 bde-rich-text breakdance-rich-text-styles\">\n<p><strong>Avatud ainult eelneval kokkuleppel helistades<\/strong>: Jana Volke\u00a0 <a href=\"tel:   372 5364 8854\">+ 372 5364 8854\u00a0<\/a><\/p>\n<\/div><div class=\"bde-rich-text-1486-104 bde-rich-text breakdance-rich-text-styles\">\n<div class=\"GPAREA filetype-text\"><p>Fotodel valik keskaegseid kost\u00fc\u00fcme.\u00a0<\/p><\/div>\n<\/div><div class=\"bde-gallery-1486-105 bde-gallery\">\n\n\n\n\n\n\n\n\n\n\n\n\n\n<div class=\"ee-gallery ee-gallery--isotope ee-gallery--justified ee-gallery--single ee-gallery--lightbox ee-gallery--zoom-in ee-gallery--caption- ee-gallery--caption-none ee-gallery--ratio\">\n                  \n      <a class=\"ee-gallery-item ee-gallery-item--image ee-gallery-item--single\" href=\"https:\/\/hopnerimaja.eu\/wp-content\/uploads\/2024\/01\/keskaja_karneval32-scaled.jpeg\"  data-sub-html=\"\" data-category=\"1\"                  data-lg-size=\"1453-2560\"\n\n      >\n        <figure class=\"ee-gallery-item-figure\">\n                                    \n  \n  \n  \n  \n      \n      <img loading=\"lazy\" decoding=\"async\"\n      class=\"breakdance-image-object\"\n      src=\"https:\/\/hopnerimaja.eu\/wp-content\/uploads\/2024\/01\/keskaja_karneval32-581x1024.jpeg\"\n      width=\"581\"\n      height=\"1024\"\n      \n      \n                                    srcset=\"https:\/\/hopnerimaja.eu\/wp-content\/uploads\/2024\/01\/keskaja_karneval32-scaled.jpeg 1453w, https:\/\/hopnerimaja.eu\/wp-content\/uploads\/2024\/01\/keskaja_karneval32-170x300.jpeg 170w, https:\/\/hopnerimaja.eu\/wp-content\/uploads\/2024\/01\/keskaja_karneval32-581x1024.jpeg 581w, https:\/\/hopnerimaja.eu\/wp-content\/uploads\/2024\/01\/keskaja_karneval32-768x1353.jpeg 768w, https:\/\/hopnerimaja.eu\/wp-content\/uploads\/2024\/01\/keskaja_karneval32-872x1536.jpeg 872w, https:\/\/hopnerimaja.eu\/wp-content\/uploads\/2024\/01\/keskaja_karneval32-1162x2048.jpeg 1162w\"\n                                                                      >\n  \n  \n          \n                  <\/figure>\n      <\/a>\n\n                \n      <a class=\"ee-gallery-item ee-gallery-item--image ee-gallery-item--single\" href=\"https:\/\/hopnerimaja.eu\/wp-content\/uploads\/2024\/01\/keskaja_karneval43-scaled.jpeg\"  data-sub-html=\"\" data-category=\"1\"                  data-lg-size=\"2560-1784\"\n\n      >\n        <figure class=\"ee-gallery-item-figure\">\n                                    \n  \n  \n  \n  \n      \n      <img loading=\"lazy\" decoding=\"async\"\n      class=\"breakdance-image-object\"\n      src=\"https:\/\/hopnerimaja.eu\/wp-content\/uploads\/2024\/01\/keskaja_karneval43-1024x714.jpeg\"\n      width=\"1024\"\n      height=\"714\"\n      \n      \n                                    srcset=\"https:\/\/hopnerimaja.eu\/wp-content\/uploads\/2024\/01\/keskaja_karneval43-scaled.jpeg 2560w, https:\/\/hopnerimaja.eu\/wp-content\/uploads\/2024\/01\/keskaja_karneval43-300x209.jpeg 300w, https:\/\/hopnerimaja.eu\/wp-content\/uploads\/2024\/01\/keskaja_karneval43-1024x714.jpeg 1024w, https:\/\/hopnerimaja.eu\/wp-content\/uploads\/2024\/01\/keskaja_karneval43-768x535.jpeg 768w, https:\/\/hopnerimaja.eu\/wp-content\/uploads\/2024\/01\/keskaja_karneval43-1536x1070.jpeg 1536w, https:\/\/hopnerimaja.eu\/wp-content\/uploads\/2024\/01\/keskaja_karneval43-2048x1427.jpeg 2048w\"\n                                                                      >\n  \n  \n          \n                  <\/figure>\n      <\/a>\n\n                \n      <a class=\"ee-gallery-item ee-gallery-item--image ee-gallery-item--single\" href=\"https:\/\/hopnerimaja.eu\/wp-content\/uploads\/2024\/01\/keskaja_karneval35-scaled.jpeg\"  data-sub-html=\"\" data-category=\"1\"                  data-lg-size=\"1581-2560\"\n\n      >\n        <figure class=\"ee-gallery-item-figure\">\n                                    \n  \n  \n  \n  \n      \n      <img loading=\"lazy\" decoding=\"async\"\n      class=\"breakdance-image-object\"\n      src=\"https:\/\/hopnerimaja.eu\/wp-content\/uploads\/2024\/01\/keskaja_karneval35-632x1024.jpeg\"\n      width=\"632\"\n      height=\"1024\"\n      \n      \n                                    srcset=\"https:\/\/hopnerimaja.eu\/wp-content\/uploads\/2024\/01\/keskaja_karneval35-scaled.jpeg 1581w, https:\/\/hopnerimaja.eu\/wp-content\/uploads\/2024\/01\/keskaja_karneval35-185x300.jpeg 185w, https:\/\/hopnerimaja.eu\/wp-content\/uploads\/2024\/01\/keskaja_karneval35-632x1024.jpeg 632w, https:\/\/hopnerimaja.eu\/wp-content\/uploads\/2024\/01\/keskaja_karneval35-768x1244.jpeg 768w, https:\/\/hopnerimaja.eu\/wp-content\/uploads\/2024\/01\/keskaja_karneval35-948x1536.jpeg 948w, https:\/\/hopnerimaja.eu\/wp-content\/uploads\/2024\/01\/keskaja_karneval35-1265x2048.jpeg 1265w\"\n                                                                      >\n  \n  \n          \n                  <\/figure>\n      <\/a>\n\n                \n      <a class=\"ee-gallery-item ee-gallery-item--image ee-gallery-item--single\" href=\"https:\/\/hopnerimaja.eu\/wp-content\/uploads\/2024\/01\/keskaja_karneval23-scaled.jpeg\"  data-sub-html=\"\" data-category=\"1\"                  data-lg-size=\"1707-2560\"\n\n      >\n        <figure class=\"ee-gallery-item-figure\">\n                                    \n  \n  \n  \n  \n      \n      <img loading=\"lazy\" decoding=\"async\"\n      class=\"breakdance-image-object\"\n      src=\"https:\/\/hopnerimaja.eu\/wp-content\/uploads\/2024\/01\/keskaja_karneval23-683x1024.jpeg\"\n      width=\"683\"\n      height=\"1024\"\n      \n      \n                                    srcset=\"https:\/\/hopnerimaja.eu\/wp-content\/uploads\/2024\/01\/keskaja_karneval23-scaled.jpeg 1707w, https:\/\/hopnerimaja.eu\/wp-content\/uploads\/2024\/01\/keskaja_karneval23-200x300.jpeg 200w, https:\/\/hopnerimaja.eu\/wp-content\/uploads\/2024\/01\/keskaja_karneval23-683x1024.jpeg 683w, https:\/\/hopnerimaja.eu\/wp-content\/uploads\/2024\/01\/keskaja_karneval23-768x1152.jpeg 768w, https:\/\/hopnerimaja.eu\/wp-content\/uploads\/2024\/01\/keskaja_karneval23-1024x1536.jpeg 1024w, https:\/\/hopnerimaja.eu\/wp-content\/uploads\/2024\/01\/keskaja_karneval23-1365x2048.jpeg 1365w\"\n                                                                      >\n  \n  \n          \n                  <\/figure>\n      <\/a>\n\n                \n      <a class=\"ee-gallery-item ee-gallery-item--image ee-gallery-item--single\" href=\"https:\/\/hopnerimaja.eu\/wp-content\/uploads\/2024\/01\/keskaja_karneval15-scaled.jpeg\"  data-sub-html=\"\" data-category=\"1\"                  data-lg-size=\"2560-1832\"\n\n      >\n        <figure class=\"ee-gallery-item-figure\">\n                                    \n  \n  \n  \n  \n      \n      <img loading=\"lazy\" decoding=\"async\"\n      class=\"breakdance-image-object\"\n      src=\"https:\/\/hopnerimaja.eu\/wp-content\/uploads\/2024\/01\/keskaja_karneval15-1024x733.jpeg\"\n      width=\"1024\"\n      height=\"733\"\n      \n      \n                                    srcset=\"https:\/\/hopnerimaja.eu\/wp-content\/uploads\/2024\/01\/keskaja_karneval15-scaled.jpeg 2560w, https:\/\/hopnerimaja.eu\/wp-content\/uploads\/2024\/01\/keskaja_karneval15-300x215.jpeg 300w, https:\/\/hopnerimaja.eu\/wp-content\/uploads\/2024\/01\/keskaja_karneval15-1024x733.jpeg 1024w, https:\/\/hopnerimaja.eu\/wp-content\/uploads\/2024\/01\/keskaja_karneval15-768x550.jpeg 768w, https:\/\/hopnerimaja.eu\/wp-content\/uploads\/2024\/01\/keskaja_karneval15-1536x1099.jpeg 1536w, https:\/\/hopnerimaja.eu\/wp-content\/uploads\/2024\/01\/keskaja_karneval15-2048x1466.jpeg 2048w\"\n                                                                      >\n  \n  \n          \n                  <\/figure>\n      <\/a>\n\n                \n      <a class=\"ee-gallery-item ee-gallery-item--image ee-gallery-item--single\" href=\"https:\/\/hopnerimaja.eu\/wp-content\/uploads\/2024\/01\/keskaja_karneval26-scaled.jpeg\"  data-sub-html=\"\" data-category=\"1\"                  data-lg-size=\"1835-2560\"\n\n      >\n        <figure class=\"ee-gallery-item-figure\">\n                                    \n  \n  \n  \n  \n      \n      <img loading=\"lazy\" decoding=\"async\"\n      class=\"breakdance-image-object\"\n      src=\"https:\/\/hopnerimaja.eu\/wp-content\/uploads\/2024\/01\/keskaja_karneval26-734x1024.jpeg\"\n      width=\"734\"\n      height=\"1024\"\n      \n      \n                                    srcset=\"https:\/\/hopnerimaja.eu\/wp-content\/uploads\/2024\/01\/keskaja_karneval26-scaled.jpeg 1835w, https:\/\/hopnerimaja.eu\/wp-content\/uploads\/2024\/01\/keskaja_karneval26-215x300.jpeg 215w, https:\/\/hopnerimaja.eu\/wp-content\/uploads\/2024\/01\/keskaja_karneval26-734x1024.jpeg 734w, https:\/\/hopnerimaja.eu\/wp-content\/uploads\/2024\/01\/keskaja_karneval26-768x1072.jpeg 768w, https:\/\/hopnerimaja.eu\/wp-content\/uploads\/2024\/01\/keskaja_karneval26-1101x1536.jpeg 1101w, https:\/\/hopnerimaja.eu\/wp-content\/uploads\/2024\/01\/keskaja_karneval26-1468x2048.jpeg 1468w\"\n                                                                      >\n  \n  \n          \n                  <\/figure>\n      <\/a>\n\n                \n      <a class=\"ee-gallery-item ee-gallery-item--image ee-gallery-item--single\" href=\"https:\/\/hopnerimaja.eu\/wp-content\/uploads\/2024\/01\/keskaja_karneval03.jpeg\"  data-sub-html=\"\" data-category=\"1\"                  data-lg-size=\"991-1498\"\n\n      >\n        <figure class=\"ee-gallery-item-figure\">\n                                    \n  \n  \n  \n  \n      \n      <img loading=\"lazy\" decoding=\"async\"\n      class=\"breakdance-image-object\"\n      src=\"https:\/\/hopnerimaja.eu\/wp-content\/uploads\/2024\/01\/keskaja_karneval03-677x1024.jpeg\"\n      width=\"677\"\n      height=\"1024\"\n      \n      \n                                    srcset=\"https:\/\/hopnerimaja.eu\/wp-content\/uploads\/2024\/01\/keskaja_karneval03.jpeg 991w, https:\/\/hopnerimaja.eu\/wp-content\/uploads\/2024\/01\/keskaja_karneval03-198x300.jpeg 198w, https:\/\/hopnerimaja.eu\/wp-content\/uploads\/2024\/01\/keskaja_karneval03-677x1024.jpeg 677w, https:\/\/hopnerimaja.eu\/wp-content\/uploads\/2024\/01\/keskaja_karneval03-768x1161.jpeg 768w\"\n                                                                      >\n  \n  \n          \n                  <\/figure>\n      <\/a>\n\n                \n      <a class=\"ee-gallery-item ee-gallery-item--image ee-gallery-item--single\" href=\"https:\/\/hopnerimaja.eu\/wp-content\/uploads\/2024\/01\/keskaja_karneval41-scaled.jpeg\"  data-sub-html=\"\" data-category=\"1\"                  data-lg-size=\"2560-1707\"\n\n      >\n        <figure class=\"ee-gallery-item-figure\">\n                                    \n  \n  \n  \n  \n      \n      <img loading=\"lazy\" decoding=\"async\"\n      class=\"breakdance-image-object\"\n      src=\"https:\/\/hopnerimaja.eu\/wp-content\/uploads\/2024\/01\/keskaja_karneval41-1024x683.jpeg\"\n      width=\"1024\"\n      height=\"683\"\n      \n      \n                                    srcset=\"https:\/\/hopnerimaja.eu\/wp-content\/uploads\/2024\/01\/keskaja_karneval41-scaled.jpeg 2560w, https:\/\/hopnerimaja.eu\/wp-content\/uploads\/2024\/01\/keskaja_karneval41-300x200.jpeg 300w, https:\/\/hopnerimaja.eu\/wp-content\/uploads\/2024\/01\/keskaja_karneval41-1024x683.jpeg 1024w, https:\/\/hopnerimaja.eu\/wp-content\/uploads\/2024\/01\/keskaja_karneval41-768x512.jpeg 768w, https:\/\/hopnerimaja.eu\/wp-content\/uploads\/2024\/01\/keskaja_karneval41-1536x1024.jpeg 1536w, https:\/\/hopnerimaja.eu\/wp-content\/uploads\/2024\/01\/keskaja_karneval41-2048x1365.jpeg 2048w\"\n                                                                      >\n  \n  \n          \n                  <\/figure>\n      <\/a>\n\n                \n      <a class=\"ee-gallery-item ee-gallery-item--image ee-gallery-item--single\" href=\"https:\/\/hopnerimaja.eu\/wp-content\/uploads\/2024\/01\/keskaja_karneval31-scaled.jpeg\"  data-sub-html=\"\" data-category=\"1\"                  data-lg-size=\"1502-2560\"\n\n      >\n        <figure class=\"ee-gallery-item-figure\">\n                                    \n  \n  \n  \n  \n      \n      <img loading=\"lazy\" decoding=\"async\"\n      class=\"breakdance-image-object\"\n      src=\"https:\/\/hopnerimaja.eu\/wp-content\/uploads\/2024\/01\/keskaja_karneval31-601x1024.jpeg\"\n      width=\"601\"\n      height=\"1024\"\n      \n      \n                                    srcset=\"https:\/\/hopnerimaja.eu\/wp-content\/uploads\/2024\/01\/keskaja_karneval31-scaled.jpeg 1502w, https:\/\/hopnerimaja.eu\/wp-content\/uploads\/2024\/01\/keskaja_karneval31-176x300.jpeg 176w, https:\/\/hopnerimaja.eu\/wp-content\/uploads\/2024\/01\/keskaja_karneval31-601x1024.jpeg 601w, https:\/\/hopnerimaja.eu\/wp-content\/uploads\/2024\/01\/keskaja_karneval31-768x1309.jpeg 768w, https:\/\/hopnerimaja.eu\/wp-content\/uploads\/2024\/01\/keskaja_karneval31-901x1536.jpeg 901w, https:\/\/hopnerimaja.eu\/wp-content\/uploads\/2024\/01\/keskaja_karneval31-1202x2048.jpeg 1202w\"\n                                                                      >\n  \n  \n          \n                  <\/figure>\n      <\/a>\n\n        \n      <div class=\"ee-gallery-gutter\"><\/div>\n  <\/div>\n\n\n\n<\/div><div class=\"bde-text-1486-106 bde-text\">\nK\u00fcsimuste korral v\u00f5i soovi korral kost\u00fc\u00fcme oma silmaga n\u00e4ha v\u00f5i proovida, helistage palun \u00fclaltoodud numbrile.\n<\/div><\/div>\n<\/section><\/div>","protected":false},"excerpt":{"rendered":"<p>Kost\u00fc\u00fcmilaenutus Avatud ainult eelneval kokkuleppel helistades: Jana Volke\u00a0 + 372 5364 8854\u00a0 Fotodel valik keskaegseid kost\u00fc\u00fcme.\u00a0 K\u00fcsimuste korral v\u00f5i soovi korral kost\u00fc\u00fcme oma silmaga n\u00e4ha v\u00f5i proovida, helistage palun \u00fclaltoodud [&hellip;]<\/p>","protected":false},"author":2,"featured_media":0,"parent":0,"menu_order":0,"comment_status":"closed","ping_status":"closed","template":"","meta":{"_acf_changed":false,"footnotes":"","_breakdance_hide_in_design_set":false,"_breakdance_tags":""},"acf":[],"_links":{"self":[{"href":"https:\/\/hopnerimaja.eu\/en\/wp-json\/wp\/v2\/pages\/1486"}],"collection":[{"href":"https:\/\/hopnerimaja.eu\/en\/wp-json\/wp\/v2\/pages"}],"about":[{"href":"https:\/\/hopnerimaja.eu\/en\/wp-json\/wp\/v2\/types\/page"}],"author":[{"embeddable":true,"href":"https:\/\/hopnerimaja.eu\/en\/wp-json\/wp\/v2\/users\/2"}],"replies":[{"embeddable":true,"href":"https:\/\/hopnerimaja.eu\/en\/wp-json\/wp\/v2\/comments?post=1486"}],"version-history":[{"count":4,"href":"https:\/\/hopnerimaja.eu\/en\/wp-json\/wp\/v2\/pages\/1486\/revisions"}],"predecessor-version":[{"id":1491,"href":"https:\/\/hopnerimaja.eu\/en\/wp-json\/wp\/v2\/pages\/1486\/revisions\/1491"}],"wp:attachment":[{"href":"https:\/\/hopnerimaja.eu\/en\/wp-json\/wp\/v2\/media?parent=1486"}],"curies":[{"name":"wp","href":"https:\/\/api.w.org\/{rel}","templated":true}]}}